{"id":10559,"date":"2023-03-03T13:18:06","date_gmt":"2023-03-03T12:18:06","guid":{"rendered":"https:\/\/lyreco.adlife.pl\/?page_id=10559"},"modified":"2026-04-21T14:22:28","modified_gmt":"2026-04-21T12:22:28","slug":"nespresso-colombia-organic","status":"publish","type":"page","link":"https:\/\/kawadlabiznesu.pl\/nespresso\/kawy\/kawy-nespresso-origins\/nespresso-colombia-organic\/","title":{"rendered":"Nespresso Colombia Organic"},"content":{"rendered":"<div class=\"wpb-content-wrapper\"><p>[vc_row full_width=&#8221;stretch_row_content_no_spaces&#8221; equal_height=&#8221;yes&#8221; content_placement=&#8221;middle&#8221; woodmart_css_id=&#8221;62becdfef365e&#8221; responsive_spacing=&#8221;eyJwYXJhbV90eXBlIjoid29vZG1hcnRfcmVzcG9uc2l2ZV9zcGFjaW5nIiwic2VsZWN0b3JfaWQiOiI2MmJlY2RmZWYzNjVlIiwic2hvcnRjb2RlIjoidmNfcm93IiwiZGF0YSI6eyJ0YWJsZXQiOnt9LCJtb2JpbGUiOnt9fX0=&#8221; mobile_bg_img_hidden=&#8221;no&#8221; tablet_bg_img_hidden=&#8221;no&#8221; woodmart_parallax=&#8221;0&#8243; woodmart_gradient_switch=&#8221;no&#8221; woodmart_box_shadow=&#8221;no&#8221; wd_z_index=&#8221;no&#8221; woodmart_disable_overflow=&#8221;0&#8243; row_reverse_mobile=&#8221;0&#8243; row_reverse_tablet=&#8221;0&#8243; css=&#8221;.vc_custom_1656671752223{margin-bottom: 0px !important;padding-bottom: 0px !important;}&#8221;][vc_column width=&#8221;1\/2&#8243; woodmart_text_align=&#8221;center&#8221; vertical_alignment=&#8221;eyJkZXZpY2VzIjp7ImRlc2t0b3AiOnsidmFsdWUiOiJjZW50ZXIifSwidGFibGV0Ijp7InZhbHVlIjoiIn0sIm1vYmlsZSI6eyJ2YWx1ZSI6IiJ9fX0=&#8221; horizontal_alignment=&#8221;eyJkZXZpY2VzIjp7ImRlc2t0b3AiOnsidmFsdWUiOiJjZW50ZXIifSwidGFibGV0Ijp7InZhbHVlIjoiIn0sIm1vYmlsZSI6eyJ2YWx1ZSI6IiJ9fX0=&#8221; woodmart_css_id=&#8221;62beceba9b05f&#8221; wd_column_role_offcanvas_desktop=&#8221;no&#8221; wd_column_role_offcanvas_tablet=&#8221;no&#8221; wd_column_role_offcanvas_mobile=&#8221;no&#8221; wd_column_role_content_desktop=&#8221;yes&#8221; wd_column_role_content_tablet=&#8221;yes&#8221; wd_column_role_content_mobile=&#8221;yes&#8221; mobile_bg_img_hidden=&#8221;no&#8221; tablet_bg_img_hidden=&#8221;no&#8221; woodmart_parallax=&#8221;0&#8243; woodmart_box_shadow=&#8221;no&#8221; responsive_spacing=&#8221;eyJwYXJhbV90eXBlIjoid29vZG1hcnRfcmVzcG9uc2l2ZV9zcGFjaW5nIiwic2VsZWN0b3JfaWQiOiI2MmJlY2ViYTliMDVmIiwic2hvcnRjb2RlIjoidmNfY29sdW1uIiwiZGF0YSI6eyJ0YWJsZXQiOnt9LCJtb2JpbGUiOnt9fX0=&#8221; mobile_reset_margin=&#8221;no&#8221; tablet_reset_margin=&#8221;no&#8221; wd_z_index=&#8221;no&#8221; css=&#8221;.vc_custom_1656671953804{margin-bottom: 0px !important;padding-bottom: 0px !important;background-color: #f2f2f2 !important;background-position: 0 0 !important;background-repeat: repeat !important;}&#8221; parallax_scroll=&#8221;no&#8221; woodmart_sticky_column=&#8221;false&#8221; wd_collapsible_content_switcher=&#8221;no&#8221;]\n\t\t<div id=\"wd-62d51d9bd58fb\" class=\"title-wrapper wd-wpb wd-set-mb reset-last-child  wd-rs-62d51d9bd58fb wd-title-color-default wd-title-style-default text-center bold-title-page-box vc_custom_1658133926124 wd-title-empty wd-underline-colored\">\n\t\t\t\t\t\t\t\n\t\t\t\t<div class=\"title-subtitle  subtitle-color-default font-default subtitle-style-default wd-font-weight-200 wd-fontsize-xs\">PROFESSIONAL<\/div>\n\t\t\t\n\t\t\t<div class=\"liner-continer\">\n\t\t\t\t<h3 class=\"woodmart-title-container title  wd-font-weight-300 wd-fontsize-l\" ><\/h3>\n\t\t\t\t\t\t\t<\/div>\n\t\t\t\n\t\t\t\n\t\t\t\n\t\t<\/div>\n\t\t\n\t\t\n\t\t<div id=\"wd-6401e3a505df2\" class=\"title-wrapper wd-wpb wd-set-mb reset-last-child  wd-rs-6401e3a505df2 wd-title-color-default wd-title-style-default text-center title-uppercase-bold vc_custom_1677845442938 wd-underline-colored\">\n\t\t\t\n\t\t\t<div class=\"liner-continer\">\n\t\t\t\t<h2 class=\"woodmart-title-container title  wd-font-weight-700 wd-fontsize-xl\" >Nespresso Colombia Organic<\/h2>\n\t\t\t\t\t\t\t<\/div>\n\t\t\t\n\t\t\t\n\t\t\t\n\t\t<\/div>\n\t\t\n\t\t\t\t<div id=\"wd-6492a38087a47\" class=\"wd-text-block wd-wpb reset-last-child wd-rs-6492a38087a47 text-center wd-font-weight-400 color-title wd-fontsize-m font-alt vc_custom_1687331717033 coffee-details-description\">\n\t\t\t<p>Kawa<strong> Nespresso<\/strong> Colombia to kawa pochodz\u0105c\u0105 z nowego regionu, Tolima w Kolumbii.<\/p>\n\t\t<\/div>\n\t\t<div id=\"wd-6401e41402ed1\" class=\" wd-rs-6401e41402ed1 vc_custom_1677845530387 wd-button-wrapper text-center wd-collapsible-button\"><a href=\"https:\/\/www.lyreco.com\/webshop\/PLPL\/kawa-w-kapsulkach-nespresso-colombia-organic-50-szt-box-product-000000000015848454.html\" title=\"\" target=\"_blank\" rel=\"nofollow noopener\" style=\"--btn-color:#fff;--btn-color-hover:#fff;\" class=\"btn btn-style-default btn-shape-rectangle btn-size-extra-large\">Kup teraz<\/a><\/div>[\/vc_column][vc_column width=&#8221;1\/2&#8243; woodmart_text_align=&#8221;center&#8221; vertical_alignment=&#8221;eyJkZXZpY2VzIjp7ImRlc2t0b3AiOnsidmFsdWUiOiJjZW50ZXIifSwidGFibGV0Ijp7InZhbHVlIjoiIn0sIm1vYmlsZSI6eyJ2YWx1ZSI6IiJ9fX0=&#8221; horizontal_alignment=&#8221;eyJkZXZpY2VzIjp7ImRlc2t0b3AiOnsidmFsdWUiOiJjZW50ZXIifSwidGFibGV0Ijp7InZhbHVlIjoiIn0sIm1vYmlsZSI6eyJ2YWx1ZSI6IiJ9fX0=&#8221; woodmart_css_id=&#8221;62977f1699df6&#8243; wd_column_role_offcanvas_desktop=&#8221;no&#8221; wd_column_role_offcanvas_tablet=&#8221;no&#8221; wd_column_role_offcanvas_mobile=&#8221;no&#8221; wd_column_role_content_desktop=&#8221;yes&#8221; wd_column_role_content_tablet=&#8221;yes&#8221; wd_column_role_content_mobile=&#8221;yes&#8221; mobile_bg_img_hidden=&#8221;no&#8221; tablet_bg_img_hidden=&#8221;no&#8221; woodmart_parallax=&#8221;0&#8243; woodmart_box_shadow=&#8221;no&#8221; responsive_spacing=&#8221;eyJwYXJhbV90eXBlIjoid29vZG1hcnRfcmVzcG9uc2l2ZV9zcGFjaW5nIiwic2VsZWN0b3JfaWQiOiI2Mjk3N2YxNjk5ZGY2Iiwic2hvcnRjb2RlIjoidmNfY29sdW1uIiwiZGF0YSI6eyJ0YWJsZXQiOnt9LCJtb2JpbGUiOnt9fX0=&#8221; mobile_reset_margin=&#8221;no&#8221; tablet_reset_margin=&#8221;no&#8221; wd_z_index=&#8221;no&#8221; parallax_scroll=&#8221;no&#8221; woodmart_sticky_column=&#8221;false&#8221; wd_collapsible_content_switcher=&#8221;no&#8221;]\t\t<div id=\"wd-6401e566a8e4f\" class=\"wd-image wd-wpb reset-margin-mobile reset-margin-tablet wd-rs-6401e566a8e4f text-center vc_custom_1677845874622\">\n\t\t\t\n\t\t\t<img loading=\"lazy\" decoding=\"async\" width=\"1016\" height=\"748\" src=\"https:\/\/kawadlabiznesu.pl\/nespresso\/wp-content\/uploads\/2023\/02\/kawy-nespresso-colombia.jpg\" class=\"attachment-full size-full\" alt=\"kawa Nespresso Colombia\" srcset=\"https:\/\/kawadlabiznesu.pl\/nespresso\/wp-content\/uploads\/2023\/02\/kawy-nespresso-colombia.jpg 1016w, https:\/\/kawadlabiznesu.pl\/nespresso\/wp-content\/uploads\/2023\/02\/kawy-nespresso-colombia-400x294.jpg 400w, https:\/\/kawadlabiznesu.pl\/nespresso\/wp-content\/uploads\/2023\/02\/kawy-nespresso-colombia-768x565.jpg 768w\" sizes=\"auto, (max-width: 1016px) 100vw, 1016px\" \/>\n\t\t\t\t\t<\/div>\n\t\t[\/vc_column][\/vc_row][vc_row full_width=&#8221;stretch_row_content_no_spaces&#8221; mobile_bg_img_hidden=&#8221;no&#8221; tablet_bg_img_hidden=&#8221;no&#8221; woodmart_parallax=&#8221;0&#8243; woodmart_gradient_switch=&#8221;no&#8221; row_reverse_mobile=&#8221;0&#8243; row_reverse_tablet=&#8221;0&#8243; woodmart_disable_overflow=&#8221;0&#8243; wd_z_index=&#8221;no&#8221; woodmart_css_id=&#8221;62bee0974233a&#8221; responsive_spacing=&#8221;eyJwYXJhbV90eXBlIjoid29vZG1hcnRfcmVzcG9uc2l2ZV9zcGFjaW5nIiwic2VsZWN0b3JfaWQiOiI2MmJlZTA5NzQyMzNhIiwic2hvcnRjb2RlIjoidmNfcm93IiwiZGF0YSI6eyJ0YWJsZXQiOnt9LCJtb2JpbGUiOnt9fX0=&#8221; woodmart_box_shadow=&#8221;no&#8221; css=&#8221;.vc_custom_1656676509232{margin-top: 0px !important;margin-bottom: 0px !important;padding-top: 0px !important;padding-bottom: 0px !important;}&#8221;][vc_column css=&#8221;.vc_custom_1656676524508{margin-top: 0px !important;margin-bottom: 0px !important;padding-top: 0px !important;padding-bottom: 0px !important;background-color: #ffffff !important;}&#8221; mobile_bg_img_hidden=&#8221;no&#8221; tablet_bg_img_hidden=&#8221;no&#8221; woodmart_parallax=&#8221;0&#8243; woodmart_sticky_column=&#8221;false&#8221; parallax_scroll=&#8221;no&#8221; mobile_reset_margin=&#8221;no&#8221; tablet_reset_margin=&#8221;no&#8221; woodmart_css_id=&#8221;62bee0a05b2e9&#8243; wd_collapsible_content_switcher=&#8221;no&#8221; wd_column_role_offcanvas_desktop=&#8221;no&#8221; wd_column_role_offcanvas_tablet=&#8221;no&#8221; wd_column_role_offcanvas_mobile=&#8221;no&#8221; wd_column_role_content_desktop=&#8221;no&#8221; wd_column_role_content_tablet=&#8221;no&#8221; wd_column_role_content_mobile=&#8221;no&#8221; woodmart_box_shadow=&#8221;no&#8221; responsive_spacing=&#8221;eyJwYXJhbV90eXBlIjoid29vZG1hcnRfcmVzcG9uc2l2ZV9zcGFjaW5nIiwic2VsZWN0b3JfaWQiOiI2MmJlZTBhMDViMmU5Iiwic2hvcnRjb2RlIjoidmNfY29sdW1uIiwiZGF0YSI6eyJ0YWJsZXQiOnt9LCJtb2JpbGUiOnt9fX0=&#8221; wd_z_index=&#8221;no&#8221;]<section class=\"elegant-tabs-container\">\n\t\t\t<div class=\"et-tabs et-vertical et-tabs-style-iconbox tab-class-1497841792 et-align-left  et-accordions-closed\"\n\t\t\tdata-tab_style=\"iconbox\"\n\t\t\tdata-active-bg=\"#ffffff\"\n\t\t\tdata-active-text=\"#000000\"\n\t\t\tdata-hover-bg=\"#ffffff\"\n\t\t\tdata-hover-text=\"#000000\"\n\t\t\tdata-active-tab=\"0\"\n\t\t\tdata-auto-switch-tab=\"no\"\n\t\t\tdata-switch-interval=\"5\"  data-show-hide-accordion=\"true\" >\n\t\t\t<nav class=\"elegant-tabs-nav\" style=\"\">\n\t\t\t<ul class=\"elegant-tabs-list-container\" style=\"color:#ffffff;\">\n\t\t\t<li style=\"background:#f2f2f2;color:#000000;\" ><a class=\"et-anchor-tag\" style=\"--border-color:#f2f2f2;color:#000000;font-size:22px;\" href=\"#\" target=\"\" data-href=\"#section-1656676095470-3-8\"><img decoding=\"async\" alt=\"\" class=\"elegant-tabs-image-icon\" data-hover-src=\"https:\/\/kawadlabiznesu.pl\/nespresso\/wp-content\/uploads\/2022\/07\/2.png\" data-original-src=\"https:\/\/kawadlabiznesu.pl\/nespresso\/wp-content\/uploads\/2022\/07\/2.png\" src=\"https:\/\/kawadlabiznesu.pl\/nespresso\/wp-content\/uploads\/2022\/07\/2.png\" style=\"width: 77px;height: 77px\" \/><span style=\"font-size: 22px;\" class=\"et-tab-title has-icon\">Opis<\/span><\/a><\/li><li style=\"background:#f2f2f2;color:#000000;\" ><a class=\"et-anchor-tag\" style=\"--border-color:#f2f2f2;color:#000000;font-size:22px;\" href=\"#\" target=\"\" data-href=\"#section-1656667070215-10\"><img decoding=\"async\" alt=\"\" class=\"elegant-tabs-image-icon\" data-hover-src=\"https:\/\/kawadlabiznesu.pl\/nespresso\/wp-content\/uploads\/2022\/07\/2.png\" data-original-src=\"https:\/\/kawadlabiznesu.pl\/nespresso\/wp-content\/uploads\/2022\/07\/2.png\" src=\"https:\/\/kawadlabiznesu.pl\/nespresso\/wp-content\/uploads\/2022\/07\/2.png\" style=\"width: 77px;height: 77px\" \/><span style=\"font-size: 22px;\" class=\"et-tab-title has-icon\">Szczeg\u00f3\u0142y<\/span><\/a><\/li><li style=\"background:#f2f2f2;color:#000000;\" ><a class=\"et-anchor-tag\" style=\"--border-color:#f2f2f2;color:#000000;font-size:22px;\" href=\"#\" target=\"\" data-href=\"#section-1656667070122-4\"><img decoding=\"async\" alt=\"\" class=\"elegant-tabs-image-icon\" data-hover-src=\"https:\/\/kawadlabiznesu.pl\/nespresso\/wp-content\/uploads\/2022\/07\/2.png\" data-original-src=\"https:\/\/kawadlabiznesu.pl\/nespresso\/wp-content\/uploads\/2022\/07\/2.png\" src=\"https:\/\/kawadlabiznesu.pl\/nespresso\/wp-content\/uploads\/2022\/07\/2.png\" style=\"width: 77px;height: 77px\" \/><span style=\"font-size: 22px;\" class=\"et-tab-title has-icon\">Sk\u0142adniki<\/span><\/a><\/li>\n\t\t\t<\/ul>\n\t\t\t<\/nav>\n\t\t\t<div class=\"et-content-wrap\">\n\t\t\t\t\t\t\t\t<div class=\"infi-responsive-tabs\"\n\t\t\t\t\t\tstyle=\"\"\n\t\t\t\t\t\tdata-tab_style=\"iconbox\"\n\t\t\t\t\t\tdata-active-bg=\"#ffffff\"\n\t\t\t\t\t\tdata-active-text=\"#000000\"\n\t\t\t\t\t\tdata-hover-bg=\"#ffffff\"\n\t\t\t\t\t\tdata-hover-text=\"#000000\">\n\t\t\t\t\t\t<div class=\"infi-tab-accordion\">\n\t\t\t\t\t\t\t<div class=\"1656676095470-3-8_tab infi_accordion_item\" style=\"background:#f2f2f2;color:#000000;\">\n\t\t\t\t\t\t\t\t<div class=\"infi-accordion-item-heading\" data-href=\"#section-1656676095470-3-8\" style=\"color:#000000;\">\n\t\t\t\t\t\t\t\t\t<img decoding=\"async\" alt=\"\" class=\"elegant-tabs-image-icon\" data-hover-src=\"https:\/\/kawadlabiznesu.pl\/nespresso\/wp-content\/uploads\/2022\/07\/2.png\" data-original-src=\"https:\/\/kawadlabiznesu.pl\/nespresso\/wp-content\/uploads\/2022\/07\/2.png\" src=\"https:\/\/kawadlabiznesu.pl\/nespresso\/wp-content\/uploads\/2022\/07\/2.png\" style=\"width: 77px;height: 77px\" \/>\t\t\t\t\t\t\t\t\t<span class=\" has-icon\">Opis<\/span>\t\t\t\t\t\t\t\t<\/div>\n\t\t\t\t\t\t\t\t\t\t\t\t\t\t\t<\/div>\n\t\t\t\t\t\t<\/div>\n\t\t\t\t\t<\/div>\n\t\t\t\t\t<section id=\"section-1656676095470-3-8\" class=\"tab\" data-animation=\"\" style=\"background:#ffffff; color:#000000;\"><div class=\"infi-content-wrapper\">[vc_empty_space]\t\t<div id=\"wd-69e76bcd74353\" class=\"wd-text-block wd-wpb reset-last-child wd-rs-69e76bcd74353 text-left wd-font-weight-400 wd-fontsize-m font-alt vc_custom_1776774146070 coffee-details\">\n\t\t\t<p>W wysokog\u00f3rskim terenie widok dojrza\u0142ej czerwonej wi\u015bni kawowca na tle ciemnozielonych li\u015bci jest r\u00f3wnie zapieraj\u0105cy dech w piersiach, jak jeden \u0142yk kawy, kt\u00f3ra z tych owoc\u00f3w powstanie. Poza kremow\u0105 konsystencj\u0105 <strong>Colombia Organic<\/strong> wyr\u00f3\u017cnia si\u0119 kusz\u0105cym smakiem pra\u017conych zb\u00f3\u017c, kt\u00f3re harmonijnie wsp\u00f3\u0142graj\u0105 z klasyczn\u0105 nut\u0105 czerwonych owoc\u00f3w tego terroir. Plantatorzy w regionie Tolima uprawiaj\u0105 kaw\u0119 zgodnie z praktykami ekologicznymi, dbaj\u0105c o swoj\u0105 ziemi\u0119 i zbiory kawy dla przysz\u0142ych pokole\u0144.<\/p>\n<p><strong>Intensywno\u015b\u0107:<\/strong> 6<br \/>\n<strong>Pojemno\u015b\u0107 fili\u017canki:<\/strong> 110 ml<br \/>\n<strong>G\u0142\u00f3wne nuty aromatyczne:<\/strong> pra\u017cone zbo\u017ce<br \/>\n<strong>Goryczka:<\/strong> *<br \/>\n<strong>Kwaskowato\u015b\u0107:<\/strong> ***<br \/>\n<strong>Palenie:<\/strong> *<br \/>\n<strong>Body:<\/strong> *<\/p>\n\t\t<\/div>\n\t\t[vc_empty_space woodmart_hide_large=&#8221;1&#8243; woodmart_hide_medium=&#8221;0&#8243; woodmart_hide_small=&#8221;0&#8243;]<\/div><\/section>\t\t\t\t\t<div class=\"infi-responsive-tabs\"\n\t\t\t\t\t\tstyle=\"\"\n\t\t\t\t\t\tdata-tab_style=\"iconbox\"\n\t\t\t\t\t\tdata-active-bg=\"#ffffff\"\n\t\t\t\t\t\tdata-active-text=\"#000000\"\n\t\t\t\t\t\tdata-hover-bg=\"#ffffff\"\n\t\t\t\t\t\tdata-hover-text=\"#000000\">\n\t\t\t\t\t\t<div class=\"infi-tab-accordion\">\n\t\t\t\t\t\t\t<div class=\"1656667070215-10_tab infi_accordion_item\" style=\"background:#f2f2f2;color:#000000;\">\n\t\t\t\t\t\t\t\t<div class=\"infi-accordion-item-heading\" data-href=\"#section-1656667070215-10\" style=\"color:#000000;\">\n\t\t\t\t\t\t\t\t\t<img decoding=\"async\" alt=\"\" class=\"elegant-tabs-image-icon\" data-hover-src=\"https:\/\/kawadlabiznesu.pl\/nespresso\/wp-content\/uploads\/2022\/07\/2.png\" data-original-src=\"https:\/\/kawadlabiznesu.pl\/nespresso\/wp-content\/uploads\/2022\/07\/2.png\" src=\"https:\/\/kawadlabiznesu.pl\/nespresso\/wp-content\/uploads\/2022\/07\/2.png\" style=\"width: 77px;height: 77px\" \/>\t\t\t\t\t\t\t\t\t<span class=\" has-icon\">Szczeg\u00f3\u0142y<\/span>\t\t\t\t\t\t\t\t<\/div>\n\t\t\t\t\t\t\t\t\t\t\t\t\t\t\t<\/div>\n\t\t\t\t\t\t<\/div>\n\t\t\t\t\t<\/div>\n\t\t\t\t\t<section id=\"section-1656667070215-10\" class=\"tab\" data-animation=\"\" style=\"background:#ffffff; color:#000000;\"><div class=\"infi-content-wrapper\">[vc_empty_space]\t\t<div id=\"wd-6401e4dfec0a4\" class=\"wd-text-block wd-wpb reset-last-child wd-rs-6401e4dfec0a4 text-left wd-font-weight-400 wd-fontsize-m font-alt vc_custom_1677845748022 coffee-details\">\n\t\t\t<p><strong>Pochodzenie:<\/strong><br \/>\nW cieniu drzew i pod os\u0142on\u0105 chmur, drobni plantatorzy mieszkaj\u0105cy w pobli\u017cu park\u00f3w narodowych z regionu Tolima, z najwi\u0119ksz\u0105 staranno\u015bci\u0105 piel\u0119gnuj\u0105 Arabik\u0119. Wulkany And\u00f3w rzucaj\u0105 na kolumbijskie ziemie kawowe co\u015b wi\u0119cej ni\u017c tylko sw\u00f3j cie\u0144. Odk\u0142adaj\u0105 sk\u0142adniki od\u017cywcze w glebie i tworz\u0105 okre\u015blon\u0105 struktur\u0119 gleby, kt\u00f3ra sprzyja zdrowszym kawowcom, daj\u0105c finalnie bardziej urozmaicony smak kawy. Plantatorzy uprawiaj\u0105 wyj\u0105tkow\u0105 Arabik\u0119 kt\u00f3ra znajduje si\u0119 w Colombia Organic w zgodzie z prawami natury. Ta silna, dobrze zorganizowana spo\u0142eczno\u015b\u0107 i dumni ze swojego rzemios\u0142a rolnicy, ch\u0119tnie si\u0119gaj\u0105 po wsparcie w dalszym rozwijaniu swoich praktyk w zakresie jako\u015bci i zr\u00f3wnowa\u017conego rozwoju.<\/p>\n<p>W tym samym duchu Nespresso d\u0105\u017cy do przej\u015bcia na model rolnictwa regeneracyjnego. Wierzymy, \u017ce rolnictwo regeneracyjne mo\u017ce przyczyni\u0107 si\u0119 do poprawy warunk\u00f3w \u017cycia rolnik\u00f3w, wspieraj\u0105c ich w roli stra\u017cnik\u00f3w przyrody. Te organiczne kawy s\u0105 wa\u017cnym dowodem na t\u0119 podr\u00f3\u017c.<\/p>\n<p><strong>Palenie:<\/strong><br \/>\nT\u0119 kaw\u0119 single origin wypalamy technik\u0105 rozdzielnego palenia. Pierwsza cz\u0119\u015b\u0107 jest l\u017cej wypalana i obejmuje wi\u0119ksz\u0105 cz\u0119\u015b\u0107 ziaren. Druga cz\u0119\u015b\u0107 \u2013 mniejsza obj\u0119to\u015bciowo jest palona mocniej, aby doda\u0107 intensywno\u015bci i z\u0142o\u017cono\u015bci do finalnej kompozycji.<\/p>\n<p><strong>Profil aromatyczny:<\/strong><br \/>\nPra\u017cone zbo\u017ce.<\/p>\n\t\t<\/div>\n\t\t[vc_empty_space height=&#8221;15px&#8221; responsive_tabs=&#8221;small&#8221; woodmart_hide_large=&#8221;1&#8243; woodmart_hide_medium=&#8221;0&#8243; woodmart_hide_small=&#8221;0&#8243;]<\/div><\/section>\t\t\t\t\t<div class=\"infi-responsive-tabs\"\n\t\t\t\t\t\tstyle=\"\"\n\t\t\t\t\t\tdata-tab_style=\"iconbox\"\n\t\t\t\t\t\tdata-active-bg=\"#ffffff\"\n\t\t\t\t\t\tdata-active-text=\"#000000\"\n\t\t\t\t\t\tdata-hover-bg=\"#ffffff\"\n\t\t\t\t\t\tdata-hover-text=\"#000000\">\n\t\t\t\t\t\t<div class=\"infi-tab-accordion\">\n\t\t\t\t\t\t\t<div class=\"1656667070122-4_tab infi_accordion_item\" style=\"background:#f2f2f2;color:#000000;\">\n\t\t\t\t\t\t\t\t<div class=\"infi-accordion-item-heading\" data-href=\"#section-1656667070122-4\" style=\"color:#000000;\">\n\t\t\t\t\t\t\t\t\t<img decoding=\"async\" alt=\"\" class=\"elegant-tabs-image-icon\" data-hover-src=\"https:\/\/kawadlabiznesu.pl\/nespresso\/wp-content\/uploads\/2022\/07\/2.png\" data-original-src=\"https:\/\/kawadlabiznesu.pl\/nespresso\/wp-content\/uploads\/2022\/07\/2.png\" src=\"https:\/\/kawadlabiznesu.pl\/nespresso\/wp-content\/uploads\/2022\/07\/2.png\" style=\"width: 77px;height: 77px\" \/>\t\t\t\t\t\t\t\t\t<span class=\" has-icon\">Sk\u0142adniki<\/span>\t\t\t\t\t\t\t\t<\/div>\n\t\t\t\t\t\t\t\t\t\t\t\t\t\t\t<\/div>\n\t\t\t\t\t\t<\/div>\n\t\t\t\t\t<\/div>\n\t\t\t\t\t<section id=\"section-1656667070122-4\" class=\"tab\" data-animation=\"\" style=\"background:#ffffff; color:#000000;\"><div class=\"infi-content-wrapper\">[vc_empty_space woodmart_hide_large=&#8221;0&#8243; woodmart_hide_medium=&#8221;0&#8243; woodmart_hide_small=&#8221;0&#8243;]\t\t<div id=\"wd-6492a399b51a4\" class=\"wd-text-block wd-wpb reset-last-child wd-rs-6492a399b51a4 text-left wd-font-weight-400 wd-fontsize-m font-alt vc_custom_1687331742820 coffee-details\">\n\t\t\t<p>Kapsu\u0142ki PRO palonej i mielonej kawy do systemu <strong>NESPRESSO.<\/strong><br \/>\nKawa sprzedawana w opakowaniach po 50 szt. i 30 szt.<\/p>\n<p>Masa netto (dla 50 kapsu\u0142ek): 300 g.<br \/>\nWyprodukowano w Szwajcarii.<\/p>\n<p><strong>Sk\u0142ad:<\/strong><br \/>\nPalona i mielona kawa<\/p>\n\t\t<\/div>\n\t\t[vc_empty_space woodmart_hide_large=&#8221;0&#8243; woodmart_hide_medium=&#8221;0&#8243; woodmart_hide_small=&#8221;0&#8243;]<\/div><\/section>\n\t\t\t<\/div> <!-- \/et-content-wrap -->\n\t\t\t<\/div> <!-- \/et-tabs -->\n\t\t\t<\/section>[\/vc_column][\/vc_row]<\/p>\n<\/div>","protected":false},"excerpt":{"rendered":"<p>[vc_row full_width=&#8221;stretch_row_content_no_spaces&#8221; equal_height=&#8221;yes&#8221; content_placement=&#8221;middle&#8221; woodmart_css_id=&#8221;62becdfef365e&#8221; responsive_spacing=&#8221;eyJwYXJhbV90eXBlIjoid29vZG1hcnRfcmVzcG9uc2l2ZV9zcGFjaW5nIiwic2VsZWN0b3JfaWQiOiI2MmJlY2RmZWYzNjVlIiwic2hvcnRjb2RlIjoidmNfcm93IiwiZGF0YSI6eyJ0YWJsZXQiOnt9LCJtb2JpbGUiOnt9fX0=&#8221; mobile_bg_img_hidden=&#8221;no&#8221; tablet_bg_img_hidden=&#8221;no&#8221; woodmart_parallax=&#8221;0&#8243; woodmart_gradient_switch=&#8221;no&#8221; woodmart_box_shadow=&#8221;no&#8221; wd_z_index=&#8221;no&#8221; woodmart_disable_overflow=&#8221;0&#8243; row_reverse_mobile=&#8221;0&#8243; row_reverse_tablet=&#8221;0&#8243; css=&#8221;.vc_custom_1656671752223{margin-bottom: 0px !important;padding-bottom: 0px !important;}&#8221;][vc_column<\/p>\n","protected":false},"author":3,"featured_media":8903,"parent":8893,"menu_order":0,"comment_status":"closed","ping_status":"closed","template":"","meta":{"_breakdance_hide_in_design_set":false,"_breakdance_tags":"","footnotes":""},"class_list":["post-10559","page","type-page","status-publish","has-post-thumbnail","hentry"],"_links":{"self":[{"href":"https:\/\/kawadlabiznesu.pl\/nespresso\/wp-json\/wp\/v2\/pages\/10559","targetHints":{"allow":["GET"]}}],"collection":[{"href":"https:\/\/kawadlabiznesu.pl\/nespresso\/wp-json\/wp\/v2\/pages"}],"about":[{"href":"https:\/\/kawadlabiznesu.pl\/nespresso\/wp-json\/wp\/v2\/types\/page"}],"author":[{"embeddable":true,"href":"https:\/\/kawadlabiznesu.pl\/nespresso\/wp-json\/wp\/v2\/users\/3"}],"replies":[{"embeddable":true,"href":"https:\/\/kawadlabiznesu.pl\/nespresso\/wp-json\/wp\/v2\/comments?post=10559"}],"version-history":[{"count":7,"href":"https:\/\/kawadlabiznesu.pl\/nespresso\/wp-json\/wp\/v2\/pages\/10559\/revisions"}],"predecessor-version":[{"id":13667,"href":"https:\/\/kawadlabiznesu.pl\/nespresso\/wp-json\/wp\/v2\/pages\/10559\/revisions\/13667"}],"up":[{"embeddable":true,"href":"https:\/\/kawadlabiznesu.pl\/nespresso\/wp-json\/wp\/v2\/pages\/8893"}],"wp:featuredmedia":[{"embeddable":true,"href":"https:\/\/kawadlabiznesu.pl\/nespresso\/wp-json\/wp\/v2\/media\/8903"}],"wp:attachment":[{"href":"https:\/\/kawadlabiznesu.pl\/nespresso\/wp-json\/wp\/v2\/media?parent=10559"}],"curies":[{"name":"wp","href":"https:\/\/api.w.org\/{rel}","templated":true}]}}