{"id":11616,"date":"2024-03-11T20:16:17","date_gmt":"2024-03-11T19:16:17","guid":{"rendered":"https:\/\/kawadlabiznesu.pl\/nespresso\/?page_id=11616"},"modified":"2026-04-21T14:21:33","modified_gmt":"2026-04-21T12:21:33","slug":"nespresso-brazil-organic","status":"publish","type":"page","link":"https:\/\/kawadlabiznesu.pl\/nespresso\/kawy\/kawy-nespresso-origins\/nespresso-brazil-organic\/","title":{"rendered":"Nespresso Brazil Organic"},"content":{"rendered":"<div class=\"wpb-content-wrapper\"><p>[vc_row full_width=&#8221;stretch_row_content_no_spaces&#8221; equal_height=&#8221;yes&#8221; content_placement=&#8221;middle&#8221; woodmart_css_id=&#8221;62becdfef365e&#8221; responsive_spacing=&#8221;eyJwYXJhbV90eXBlIjoid29vZG1hcnRfcmVzcG9uc2l2ZV9zcGFjaW5nIiwic2VsZWN0b3JfaWQiOiI2MmJlY2RmZWYzNjVlIiwic2hvcnRjb2RlIjoidmNfcm93IiwiZGF0YSI6eyJ0YWJsZXQiOnt9LCJtb2JpbGUiOnt9fX0=&#8221; mobile_bg_img_hidden=&#8221;no&#8221; tablet_bg_img_hidden=&#8221;no&#8221; woodmart_parallax=&#8221;0&#8243; woodmart_gradient_switch=&#8221;no&#8221; woodmart_box_shadow=&#8221;no&#8221; wd_z_index=&#8221;no&#8221; woodmart_disable_overflow=&#8221;0&#8243; row_reverse_mobile=&#8221;0&#8243; row_reverse_tablet=&#8221;0&#8243; css=&#8221;.vc_custom_1656671752223{margin-bottom: 0px !important;padding-bottom: 0px !important;}&#8221;][vc_column width=&#8221;1\/2&#8243; woodmart_text_align=&#8221;center&#8221; vertical_alignment=&#8221;eyJkZXZpY2VzIjp7ImRlc2t0b3AiOnsidmFsdWUiOiJjZW50ZXIifSwidGFibGV0Ijp7InZhbHVlIjoiIn0sIm1vYmlsZSI6eyJ2YWx1ZSI6IiJ9fX0=&#8221; horizontal_alignment=&#8221;eyJkZXZpY2VzIjp7ImRlc2t0b3AiOnsidmFsdWUiOiJjZW50ZXIifSwidGFibGV0Ijp7InZhbHVlIjoiIn0sIm1vYmlsZSI6eyJ2YWx1ZSI6IiJ9fX0=&#8221; woodmart_css_id=&#8221;62beceba9b05f&#8221; wd_column_role_offcanvas_desktop=&#8221;no&#8221; wd_column_role_offcanvas_tablet=&#8221;no&#8221; wd_column_role_offcanvas_mobile=&#8221;no&#8221; wd_column_role_content_desktop=&#8221;yes&#8221; wd_column_role_content_tablet=&#8221;yes&#8221; wd_column_role_content_mobile=&#8221;yes&#8221; mobile_bg_img_hidden=&#8221;no&#8221; tablet_bg_img_hidden=&#8221;no&#8221; woodmart_parallax=&#8221;0&#8243; woodmart_box_shadow=&#8221;no&#8221; responsive_spacing=&#8221;eyJwYXJhbV90eXBlIjoid29vZG1hcnRfcmVzcG9uc2l2ZV9zcGFjaW5nIiwic2VsZWN0b3JfaWQiOiI2MmJlY2ViYTliMDVmIiwic2hvcnRjb2RlIjoidmNfY29sdW1uIiwiZGF0YSI6eyJ0YWJsZXQiOnt9LCJtb2JpbGUiOnt9fX0=&#8221; mobile_reset_margin=&#8221;no&#8221; tablet_reset_margin=&#8221;no&#8221; wd_z_index=&#8221;no&#8221; css=&#8221;.vc_custom_1656671953804{margin-bottom: 0px !important;padding-bottom: 0px !important;background-color: #f2f2f2 !important;background-position: 0 0 !important;background-repeat: repeat !important;}&#8221; parallax_scroll=&#8221;no&#8221; woodmart_sticky_column=&#8221;false&#8221; wd_collapsible_content_switcher=&#8221;no&#8221;]\n\t\t<div id=\"wd-62d51d9bd58fb\" class=\"title-wrapper wd-wpb wd-set-mb reset-last-child  wd-rs-62d51d9bd58fb wd-title-color-default wd-title-style-default text-center bold-title-page-box vc_custom_1658133926124 wd-title-empty wd-underline-colored\">\n\t\t\t\t\t\t\t\n\t\t\t\t<div class=\"title-subtitle  subtitle-color-default font-default subtitle-style-default wd-font-weight-200 wd-fontsize-xs\">PROFESSIONAL<\/div>\n\t\t\t\n\t\t\t<div class=\"liner-continer\">\n\t\t\t\t<h3 class=\"woodmart-title-container title  wd-font-weight-300 wd-fontsize-l\" ><\/h3>\n\t\t\t\t\t\t\t<\/div>\n\t\t\t\n\t\t\t\n\t\t\t\n\t\t<\/div>\n\t\t\n\t\t\n\t\t<div id=\"wd-65ef54202321e\" class=\"title-wrapper wd-wpb wd-set-mb reset-last-child  wd-rs-65ef54202321e wd-title-color-default wd-title-style-default text-center title-uppercase-bold vc_custom_1710183466110 wd-underline-colored\">\n\t\t\t\n\t\t\t<div class=\"liner-continer\">\n\t\t\t\t<h2 class=\"woodmart-title-container title  wd-font-weight-700 wd-fontsize-xl\" >Nespresso Brazil Organic<\/h2>\n\t\t\t\t\t\t\t<\/div>\n\t\t\t\n\t\t\t\n\t\t\t\n\t\t<\/div>\n\t\t\n\t\t\t\t<div id=\"wd-65ef5568a441d\" class=\"wd-text-block wd-wpb reset-last-child wd-rs-65ef5568a441d text-center wd-font-weight-400 color-title wd-fontsize-m font-alt vc_custom_1710183792038 coffee-details-description\">\n\t\t\t<p>Organiczna Arabika pochodz\u0105ca zar\u00f3wno z brazylijskiej sawanny, jak i plantacji na wzg\u00f3rzach.<\/p>\n\t\t<\/div>\n\t\t<div id=\"wd-65ef54fe269c4\" class=\" wd-rs-65ef54fe269c4 vc_custom_1710183709194 wd-button-wrapper text-center wd-collapsible-button\"><a  style=\"--btn-color:#fff;--btn-color-hover:#fff;\" class=\"btn btn-style-default btn-shape-rectangle btn-size-extra-large\">Kup teraz<\/a><\/div>[\/vc_column][vc_column width=&#8221;1\/2&#8243; woodmart_text_align=&#8221;center&#8221; vertical_alignment=&#8221;eyJkZXZpY2VzIjp7ImRlc2t0b3AiOnsidmFsdWUiOiJjZW50ZXIifSwidGFibGV0Ijp7InZhbHVlIjoiIn0sIm1vYmlsZSI6eyJ2YWx1ZSI6IiJ9fX0=&#8221; horizontal_alignment=&#8221;eyJkZXZpY2VzIjp7ImRlc2t0b3AiOnsidmFsdWUiOiJjZW50ZXIifSwidGFibGV0Ijp7InZhbHVlIjoiIn0sIm1vYmlsZSI6eyJ2YWx1ZSI6IiJ9fX0=&#8221; woodmart_css_id=&#8221;62977f1699df6&#8243; wd_column_role_offcanvas_desktop=&#8221;no&#8221; wd_column_role_offcanvas_tablet=&#8221;no&#8221; wd_column_role_offcanvas_mobile=&#8221;no&#8221; wd_column_role_content_desktop=&#8221;yes&#8221; wd_column_role_content_tablet=&#8221;yes&#8221; wd_column_role_content_mobile=&#8221;yes&#8221; mobile_bg_img_hidden=&#8221;no&#8221; tablet_bg_img_hidden=&#8221;no&#8221; woodmart_parallax=&#8221;0&#8243; woodmart_box_shadow=&#8221;no&#8221; responsive_spacing=&#8221;eyJwYXJhbV90eXBlIjoid29vZG1hcnRfcmVzcG9uc2l2ZV9zcGFjaW5nIiwic2VsZWN0b3JfaWQiOiI2Mjk3N2YxNjk5ZGY2Iiwic2hvcnRjb2RlIjoidmNfY29sdW1uIiwiZGF0YSI6eyJ0YWJsZXQiOnt9LCJtb2JpbGUiOnt9fX0=&#8221; mobile_reset_margin=&#8221;no&#8221; tablet_reset_margin=&#8221;no&#8221; wd_z_index=&#8221;no&#8221; parallax_scroll=&#8221;no&#8221; woodmart_sticky_column=&#8221;false&#8221; wd_collapsible_content_switcher=&#8221;no&#8221;]\t\t<div id=\"wd-65ef54b52f732\" class=\"wd-image wd-wpb reset-margin-mobile reset-margin-tablet wd-rs-65ef54b52f732 text-center vc_custom_1710183621044\">\n\t\t\t\n\t\t\t<img loading=\"lazy\" decoding=\"async\" width=\"1016\" height=\"748\" src=\"https:\/\/kawadlabiznesu.pl\/nespresso\/wp-content\/uploads\/2024\/03\/nespresso-brazil-organic.jpg\" class=\"attachment-full size-full\" alt=\"kawy Nespresso Origins Brazil Organic\" srcset=\"https:\/\/kawadlabiznesu.pl\/nespresso\/wp-content\/uploads\/2024\/03\/nespresso-brazil-organic.jpg 1016w, https:\/\/kawadlabiznesu.pl\/nespresso\/wp-content\/uploads\/2024\/03\/nespresso-brazil-organic-400x294.jpg 400w, https:\/\/kawadlabiznesu.pl\/nespresso\/wp-content\/uploads\/2024\/03\/nespresso-brazil-organic-768x565.jpg 768w\" sizes=\"auto, (max-width: 1016px) 100vw, 1016px\" \/>\n\t\t\t\t\t<\/div>\n\t\t[\/vc_column][\/vc_row][vc_row full_width=&#8221;stretch_row_content_no_spaces&#8221; mobile_bg_img_hidden=&#8221;no&#8221; tablet_bg_img_hidden=&#8221;no&#8221; woodmart_parallax=&#8221;0&#8243; woodmart_gradient_switch=&#8221;no&#8221; row_reverse_mobile=&#8221;0&#8243; row_reverse_tablet=&#8221;0&#8243; woodmart_disable_overflow=&#8221;0&#8243; wd_z_index=&#8221;no&#8221; woodmart_css_id=&#8221;62bee0974233a&#8221; responsive_spacing=&#8221;eyJwYXJhbV90eXBlIjoid29vZG1hcnRfcmVzcG9uc2l2ZV9zcGFjaW5nIiwic2VsZWN0b3JfaWQiOiI2MmJlZTA5NzQyMzNhIiwic2hvcnRjb2RlIjoidmNfcm93IiwiZGF0YSI6eyJ0YWJsZXQiOnt9LCJtb2JpbGUiOnt9fX0=&#8221; woodmart_box_shadow=&#8221;no&#8221; css=&#8221;.vc_custom_1656676509232{margin-top: 0px !important;margin-bottom: 0px !important;padding-top: 0px !important;padding-bottom: 0px !important;}&#8221;][vc_column css=&#8221;.vc_custom_1656676524508{margin-top: 0px !important;margin-bottom: 0px !important;padding-top: 0px !important;padding-bottom: 0px !important;background-color: #ffffff !important;}&#8221; mobile_bg_img_hidden=&#8221;no&#8221; tablet_bg_img_hidden=&#8221;no&#8221; woodmart_parallax=&#8221;0&#8243; woodmart_sticky_column=&#8221;false&#8221; parallax_scroll=&#8221;no&#8221; mobile_reset_margin=&#8221;no&#8221; tablet_reset_margin=&#8221;no&#8221; woodmart_css_id=&#8221;62bee0a05b2e9&#8243; wd_collapsible_content_switcher=&#8221;no&#8221; wd_column_role_offcanvas_desktop=&#8221;no&#8221; wd_column_role_offcanvas_tablet=&#8221;no&#8221; wd_column_role_offcanvas_mobile=&#8221;no&#8221; wd_column_role_content_desktop=&#8221;no&#8221; wd_column_role_content_tablet=&#8221;no&#8221; wd_column_role_content_mobile=&#8221;no&#8221; woodmart_box_shadow=&#8221;no&#8221; responsive_spacing=&#8221;eyJwYXJhbV90eXBlIjoid29vZG1hcnRfcmVzcG9uc2l2ZV9zcGFjaW5nIiwic2VsZWN0b3JfaWQiOiI2MmJlZTBhMDViMmU5Iiwic2hvcnRjb2RlIjoidmNfY29sdW1uIiwiZGF0YSI6eyJ0YWJsZXQiOnt9LCJtb2JpbGUiOnt9fX0=&#8221; wd_z_index=&#8221;no&#8221;]<section class=\"elegant-tabs-container\">\n\t\t\t<div class=\"et-tabs et-vertical et-tabs-style-iconbox tab-class-4061639090 et-align-left  et-accordions-closed\"\n\t\t\tdata-tab_style=\"iconbox\"\n\t\t\tdata-active-bg=\"#ffffff\"\n\t\t\tdata-active-text=\"#000000\"\n\t\t\tdata-hover-bg=\"#ffffff\"\n\t\t\tdata-hover-text=\"#000000\"\n\t\t\tdata-active-tab=\"0\"\n\t\t\tdata-auto-switch-tab=\"no\"\n\t\t\tdata-switch-interval=\"5\"  data-show-hide-accordion=\"true\" >\n\t\t\t<nav class=\"elegant-tabs-nav\" style=\"\">\n\t\t\t<ul class=\"elegant-tabs-list-container\" style=\"color:#ffffff;\">\n\t\t\t<li style=\"background:#f2f2f2;color:#000000;\" ><a class=\"et-anchor-tag\" style=\"--border-color:#f2f2f2;color:#000000;font-size:22px;\" href=\"#\" target=\"\" data-href=\"#section-1656676095470-3-8\"><img decoding=\"async\" alt=\"\" class=\"elegant-tabs-image-icon\" data-hover-src=\"https:\/\/kawadlabiznesu.pl\/nespresso\/wp-content\/uploads\/2022\/07\/2.png\" data-original-src=\"https:\/\/kawadlabiznesu.pl\/nespresso\/wp-content\/uploads\/2022\/07\/2.png\" src=\"https:\/\/kawadlabiznesu.pl\/nespresso\/wp-content\/uploads\/2022\/07\/2.png\" style=\"width: 77px;height: 77px\" \/><span style=\"font-size: 22px;\" class=\"et-tab-title has-icon\">Opis<\/span><\/a><\/li><li style=\"background:#f2f2f2;color:#000000;\" ><a class=\"et-anchor-tag\" style=\"--border-color:#f2f2f2;color:#000000;font-size:22px;\" href=\"#\" target=\"\" data-href=\"#section-1656667070215-10\"><img decoding=\"async\" alt=\"\" class=\"elegant-tabs-image-icon\" data-hover-src=\"https:\/\/kawadlabiznesu.pl\/nespresso\/wp-content\/uploads\/2022\/07\/2.png\" data-original-src=\"https:\/\/kawadlabiznesu.pl\/nespresso\/wp-content\/uploads\/2022\/07\/2.png\" src=\"https:\/\/kawadlabiznesu.pl\/nespresso\/wp-content\/uploads\/2022\/07\/2.png\" style=\"width: 77px;height: 77px\" \/><span style=\"font-size: 22px;\" class=\"et-tab-title has-icon\">Szczeg\u00f3\u0142y<\/span><\/a><\/li><li style=\"background:#f2f2f2;color:#000000;\" ><a class=\"et-anchor-tag\" style=\"--border-color:#f2f2f2;color:#000000;font-size:22px;\" href=\"#\" target=\"\" data-href=\"#section-1656667070122-4\"><img decoding=\"async\" alt=\"\" class=\"elegant-tabs-image-icon\" data-hover-src=\"https:\/\/kawadlabiznesu.pl\/nespresso\/wp-content\/uploads\/2022\/07\/2.png\" data-original-src=\"https:\/\/kawadlabiznesu.pl\/nespresso\/wp-content\/uploads\/2022\/07\/2.png\" src=\"https:\/\/kawadlabiznesu.pl\/nespresso\/wp-content\/uploads\/2022\/07\/2.png\" style=\"width: 77px;height: 77px\" \/><span style=\"font-size: 22px;\" class=\"et-tab-title has-icon\">Sk\u0142adniki<\/span><\/a><\/li>\n\t\t\t<\/ul>\n\t\t\t<\/nav>\n\t\t\t<div class=\"et-content-wrap\">\n\t\t\t\t\t\t\t\t<div class=\"infi-responsive-tabs\"\n\t\t\t\t\t\tstyle=\"\"\n\t\t\t\t\t\tdata-tab_style=\"iconbox\"\n\t\t\t\t\t\tdata-active-bg=\"#ffffff\"\n\t\t\t\t\t\tdata-active-text=\"#000000\"\n\t\t\t\t\t\tdata-hover-bg=\"#ffffff\"\n\t\t\t\t\t\tdata-hover-text=\"#000000\">\n\t\t\t\t\t\t<div class=\"infi-tab-accordion\">\n\t\t\t\t\t\t\t<div class=\"1656676095470-3-8_tab infi_accordion_item\" style=\"background:#f2f2f2;color:#000000;\">\n\t\t\t\t\t\t\t\t<div class=\"infi-accordion-item-heading\" data-href=\"#section-1656676095470-3-8\" style=\"color:#000000;\">\n\t\t\t\t\t\t\t\t\t<img decoding=\"async\" alt=\"\" class=\"elegant-tabs-image-icon\" data-hover-src=\"https:\/\/kawadlabiznesu.pl\/nespresso\/wp-content\/uploads\/2022\/07\/2.png\" data-original-src=\"https:\/\/kawadlabiznesu.pl\/nespresso\/wp-content\/uploads\/2022\/07\/2.png\" src=\"https:\/\/kawadlabiznesu.pl\/nespresso\/wp-content\/uploads\/2022\/07\/2.png\" style=\"width: 77px;height: 77px\" \/>\t\t\t\t\t\t\t\t\t<span class=\" has-icon\">Opis<\/span>\t\t\t\t\t\t\t\t<\/div>\n\t\t\t\t\t\t\t\t\t\t\t\t\t\t\t<\/div>\n\t\t\t\t\t\t<\/div>\n\t\t\t\t\t<\/div>\n\t\t\t\t\t<section id=\"section-1656676095470-3-8\" class=\"tab\" data-animation=\"\" style=\"background:#ffffff; color:#000000;\"><div class=\"infi-content-wrapper\">[vc_empty_space]\t\t<div id=\"wd-69e76bb97ed7d\" class=\"wd-text-block wd-wpb reset-last-child wd-rs-69e76bb97ed7d text-left wd-font-weight-400 wd-fontsize-m font-alt vc_custom_1776774089949 coffee-details\">\n\t\t\t<p>Jest elegancka w swojej g\u0142adko\u015bci i s\u0142odka w charakterystycznej nucie pra\u017conych zb\u00f3\u017c. Uprawiana z trosk\u0105 i produkowana zgodnie ze standardami rolnictwa ekologicznego. Dzi\u0119ki ziarnom pochodz\u0105cym z rozleg\u0142ych, suchych sawann i rozleg\u0142ych plantacji na wzg\u00f3rzach, <strong>BRAZIL ORGANIC<\/strong> to Arabica, kt\u00f3ra odzwierciedla swoje pochodzenie a\u017c do ostatniego \u0142yku.<\/p>\n<p><strong>Intensywno\u015b\u0107:<\/strong> 4<br \/>\n<strong>Pojemno\u015b\u0107 fili\u017canki:<\/strong> 40ml<br \/>\n<strong>G\u0142\u00f3wne nuty aromatyczne:<\/strong> biszkoptowe i pra\u017conych zb\u00f3\u017c<br \/>\n<strong>Goryczka:<\/strong> **<br \/>\n<strong>Kwaskowato\u015b\u0107:<\/strong> ****<br \/>\n<strong>Palenie:<\/strong> **<br \/>\n<strong>Body:<\/strong> ***<\/p>\n\t\t<\/div>\n\t\t[vc_empty_space woodmart_hide_large=&#8221;1&#8243; woodmart_hide_medium=&#8221;0&#8243; woodmart_hide_small=&#8221;0&#8243;]<\/div><\/section>\t\t\t\t\t<div class=\"infi-responsive-tabs\"\n\t\t\t\t\t\tstyle=\"\"\n\t\t\t\t\t\tdata-tab_style=\"iconbox\"\n\t\t\t\t\t\tdata-active-bg=\"#ffffff\"\n\t\t\t\t\t\tdata-active-text=\"#000000\"\n\t\t\t\t\t\tdata-hover-bg=\"#ffffff\"\n\t\t\t\t\t\tdata-hover-text=\"#000000\">\n\t\t\t\t\t\t<div class=\"infi-tab-accordion\">\n\t\t\t\t\t\t\t<div class=\"1656667070215-10_tab infi_accordion_item\" style=\"background:#f2f2f2;color:#000000;\">\n\t\t\t\t\t\t\t\t<div class=\"infi-accordion-item-heading\" data-href=\"#section-1656667070215-10\" style=\"color:#000000;\">\n\t\t\t\t\t\t\t\t\t<img decoding=\"async\" alt=\"\" class=\"elegant-tabs-image-icon\" data-hover-src=\"https:\/\/kawadlabiznesu.pl\/nespresso\/wp-content\/uploads\/2022\/07\/2.png\" data-original-src=\"https:\/\/kawadlabiznesu.pl\/nespresso\/wp-content\/uploads\/2022\/07\/2.png\" src=\"https:\/\/kawadlabiznesu.pl\/nespresso\/wp-content\/uploads\/2022\/07\/2.png\" style=\"width: 77px;height: 77px\" \/>\t\t\t\t\t\t\t\t\t<span class=\" has-icon\">Szczeg\u00f3\u0142y<\/span>\t\t\t\t\t\t\t\t<\/div>\n\t\t\t\t\t\t\t\t\t\t\t\t\t\t\t<\/div>\n\t\t\t\t\t\t<\/div>\n\t\t\t\t\t<\/div>\n\t\t\t\t\t<section id=\"section-1656667070215-10\" class=\"tab\" data-animation=\"\" style=\"background:#ffffff; color:#000000;\"><div class=\"infi-content-wrapper\">[vc_empty_space]\t\t<div id=\"wd-65ef578aaa76c\" class=\"wd-text-block wd-wpb reset-last-child wd-rs-65ef578aaa76c text-left wd-font-weight-400 wd-fontsize-m font-alt vc_custom_1710184472537 coffee-details\">\n\t\t\t<p><strong>Pochodzenie:<\/strong><br \/>\nRegion Cerrado jest uwielbiany za swoje orzechowe i czekoladowe aromaty, podczas gdy po\u0142udniowy region Minas Gerais oferuje wysoko\u015b\u0107, kt\u00f3ra podnosi kwaskowo\u015b\u0107 tej propozycji i przynosi odrobin\u0119 owocowo\u015bci. Kawy te ukazuj\u0105 r\u00f3\u017cnorodno\u015b\u0107 Brazylii jako kraju pochodzenia.<\/p>\n<p><strong>Palenie:<\/strong><br \/>\nT\u0119 kaw\u0119 single origin przygotowujemy metod\u0105 rozdzielnego palenia, aby nada\u0107 jej z\u0142o\u017cono\u015bci. Wi\u0119kszo\u015b\u0107 zielonej kawy trafia do pierwszej partii, kt\u00f3ra jest ja\u015bniej i kr\u00f3cej palona. Druga partia jest nieco intensywniej palona i ciemniejsza.<\/p>\n<p><strong>Profil aromatyczny:<\/strong><br \/>\nPosmakuj charakterystycznych nut pra\u017conych p\u0142atk\u00f3w zb\u00f3\u017c i karmelu w tej wyj\u0105tkowo s\u0142odkiej organicznej Arabice z Brazylii, podkre\u015blonych nut\u0105 drewna, orzech\u00f3w i przypraw.<\/p>\n\t\t<\/div>\n\t\t[vc_empty_space height=&#8221;15px&#8221; responsive_tabs=&#8221;small&#8221; woodmart_hide_large=&#8221;1&#8243; woodmart_hide_medium=&#8221;0&#8243; woodmart_hide_small=&#8221;0&#8243;]<\/div><\/section>\t\t\t\t\t<div class=\"infi-responsive-tabs\"\n\t\t\t\t\t\tstyle=\"\"\n\t\t\t\t\t\tdata-tab_style=\"iconbox\"\n\t\t\t\t\t\tdata-active-bg=\"#ffffff\"\n\t\t\t\t\t\tdata-active-text=\"#000000\"\n\t\t\t\t\t\tdata-hover-bg=\"#ffffff\"\n\t\t\t\t\t\tdata-hover-text=\"#000000\">\n\t\t\t\t\t\t<div class=\"infi-tab-accordion\">\n\t\t\t\t\t\t\t<div class=\"1656667070122-4_tab infi_accordion_item\" style=\"background:#f2f2f2;color:#000000;\">\n\t\t\t\t\t\t\t\t<div class=\"infi-accordion-item-heading\" data-href=\"#section-1656667070122-4\" style=\"color:#000000;\">\n\t\t\t\t\t\t\t\t\t<img decoding=\"async\" alt=\"\" class=\"elegant-tabs-image-icon\" data-hover-src=\"https:\/\/kawadlabiznesu.pl\/nespresso\/wp-content\/uploads\/2022\/07\/2.png\" data-original-src=\"https:\/\/kawadlabiznesu.pl\/nespresso\/wp-content\/uploads\/2022\/07\/2.png\" src=\"https:\/\/kawadlabiznesu.pl\/nespresso\/wp-content\/uploads\/2022\/07\/2.png\" style=\"width: 77px;height: 77px\" \/>\t\t\t\t\t\t\t\t\t<span class=\" has-icon\">Sk\u0142adniki<\/span>\t\t\t\t\t\t\t\t<\/div>\n\t\t\t\t\t\t\t\t\t\t\t\t\t\t\t<\/div>\n\t\t\t\t\t\t<\/div>\n\t\t\t\t\t<\/div>\n\t\t\t\t\t<section id=\"section-1656667070122-4\" class=\"tab\" data-animation=\"\" style=\"background:#ffffff; color:#000000;\"><div class=\"infi-content-wrapper\">[vc_empty_space woodmart_hide_large=&#8221;0&#8243; woodmart_hide_medium=&#8221;0&#8243; woodmart_hide_small=&#8221;0&#8243;]\t\t<div id=\"wd-6492a4a64717b\" class=\"wd-text-block wd-wpb reset-last-child wd-rs-6492a4a64717b text-left wd-font-weight-400 wd-fontsize-m font-alt vc_custom_1687332010689 coffee-details\">\n\t\t\t<p>Kapsu\u0142ki PRO palonej i mielonej kawy do systemu <strong>NESPRESSO.<\/strong><br \/>\nKawa sprzedawana w opakowaniach po 50 szt.<\/p>\n<p>Masa netto (dla 50 kapsu\u0142ek): 300 g.<br \/>\nWyprodukowano w Szwajcarii.<\/p>\n<p><strong>Sk\u0142ad:<\/strong><br \/>\nPalona i mielona kawa organiczna<\/p>\n\t\t<\/div>\n\t\t[vc_empty_space woodmart_hide_large=&#8221;0&#8243; woodmart_hide_medium=&#8221;0&#8243; woodmart_hide_small=&#8221;0&#8243;]<\/div><\/section>\n\t\t\t<\/div> <!-- \/et-content-wrap -->\n\t\t\t<\/div> <!-- \/et-tabs -->\n\t\t\t<\/section>[\/vc_column][\/vc_row]<\/p>\n<\/div>","protected":false},"excerpt":{"rendered":"<p>[vc_row full_width=&#8221;stretch_row_content_no_spaces&#8221; equal_height=&#8221;yes&#8221; content_placement=&#8221;middle&#8221; woodmart_css_id=&#8221;62becdfef365e&#8221; responsive_spacing=&#8221;eyJwYXJhbV90eXBlIjoid29vZG1hcnRfcmVzcG9uc2l2ZV9zcGFjaW5nIiwic2VsZWN0b3JfaWQiOiI2MmJlY2RmZWYzNjVlIiwic2hvcnRjb2RlIjoidmNfcm93IiwiZGF0YSI6eyJ0YWJsZXQiOnt9LCJtb2JpbGUiOnt9fX0=&#8221; mobile_bg_img_hidden=&#8221;no&#8221; tablet_bg_img_hidden=&#8221;no&#8221; woodmart_parallax=&#8221;0&#8243; woodmart_gradient_switch=&#8221;no&#8221; woodmart_box_shadow=&#8221;no&#8221; wd_z_index=&#8221;no&#8221; woodmart_disable_overflow=&#8221;0&#8243; row_reverse_mobile=&#8221;0&#8243; row_reverse_tablet=&#8221;0&#8243; css=&#8221;.vc_custom_1656671752223{margin-bottom: 0px !important;padding-bottom: 0px !important;}&#8221;][vc_column<\/p>\n","protected":false},"author":3,"featured_media":11614,"parent":8893,"menu_order":0,"comment_status":"closed","ping_status":"closed","template":"","meta":{"_breakdance_hide_in_design_set":false,"_breakdance_tags":"","footnotes":""},"class_list":["post-11616","page","type-page","status-publish","has-post-thumbnail","hentry"],"_links":{"self":[{"href":"https:\/\/kawadlabiznesu.pl\/nespresso\/wp-json\/wp\/v2\/pages\/11616","targetHints":{"allow":["GET"]}}],"collection":[{"href":"https:\/\/kawadlabiznesu.pl\/nespresso\/wp-json\/wp\/v2\/pages"}],"about":[{"href":"https:\/\/kawadlabiznesu.pl\/nespresso\/wp-json\/wp\/v2\/types\/page"}],"author":[{"embeddable":true,"href":"https:\/\/kawadlabiznesu.pl\/nespresso\/wp-json\/wp\/v2\/users\/3"}],"replies":[{"embeddable":true,"href":"https:\/\/kawadlabiznesu.pl\/nespresso\/wp-json\/wp\/v2\/comments?post=11616"}],"version-history":[{"count":6,"href":"https:\/\/kawadlabiznesu.pl\/nespresso\/wp-json\/wp\/v2\/pages\/11616\/revisions"}],"predecessor-version":[{"id":13666,"href":"https:\/\/kawadlabiznesu.pl\/nespresso\/wp-json\/wp\/v2\/pages\/11616\/revisions\/13666"}],"up":[{"embeddable":true,"href":"https:\/\/kawadlabiznesu.pl\/nespresso\/wp-json\/wp\/v2\/pages\/8893"}],"wp:featuredmedia":[{"embeddable":true,"href":"https:\/\/kawadlabiznesu.pl\/nespresso\/wp-json\/wp\/v2\/media\/11614"}],"wp:attachment":[{"href":"https:\/\/kawadlabiznesu.pl\/nespresso\/wp-json\/wp\/v2\/media?parent=11616"}],"curies":[{"name":"wp","href":"https:\/\/api.w.org\/{rel}","templated":true}]}}