{"id":13526,"date":"2026-01-19T09:19:47","date_gmt":"2026-01-19T08:19:47","guid":{"rendered":"https:\/\/kawadlabiznesu.pl\/nespresso\/?page_id=13526"},"modified":"2026-04-21T14:17:38","modified_gmt":"2026-04-21T12:17:38","slug":"nespresso-volluto","status":"publish","type":"page","link":"https:\/\/kawadlabiznesu.pl\/nespresso\/kawy\/kawy-nespresso-classics\/nespresso-volluto\/","title":{"rendered":"Nespresso Volluto"},"content":{"rendered":"<div class=\"wpb-content-wrapper\"><p>[vc_row full_width=&#8221;stretch_row_content_no_spaces&#8221; equal_height=&#8221;yes&#8221; content_placement=&#8221;middle&#8221; woodmart_css_id=&#8221;62becdfef365e&#8221; responsive_spacing=&#8221;eyJwYXJhbV90eXBlIjoid29vZG1hcnRfcmVzcG9uc2l2ZV9zcGFjaW5nIiwic2VsZWN0b3JfaWQiOiI2MmJlY2RmZWYzNjVlIiwic2hvcnRjb2RlIjoidmNfcm93IiwiZGF0YSI6eyJ0YWJsZXQiOnt9LCJtb2JpbGUiOnt9fX0=&#8221; mobile_bg_img_hidden=&#8221;no&#8221; tablet_bg_img_hidden=&#8221;no&#8221; woodmart_parallax=&#8221;0&#8243; woodmart_gradient_switch=&#8221;no&#8221; woodmart_box_shadow=&#8221;no&#8221; wd_z_index=&#8221;no&#8221; woodmart_disable_overflow=&#8221;0&#8243; row_reverse_mobile=&#8221;0&#8243; row_reverse_tablet=&#8221;0&#8243; css=&#8221;.vc_custom_1656671752223{margin-bottom: 0px !important;padding-bottom: 0px !important;}&#8221;][vc_column width=&#8221;1\/2&#8243; woodmart_text_align=&#8221;center&#8221; vertical_alignment=&#8221;eyJkZXZpY2VzIjp7ImRlc2t0b3AiOnsidmFsdWUiOiJjZW50ZXIifSwidGFibGV0Ijp7InZhbHVlIjoiIn0sIm1vYmlsZSI6eyJ2YWx1ZSI6IiJ9fX0=&#8221; horizontal_alignment=&#8221;eyJkZXZpY2VzIjp7ImRlc2t0b3AiOnsidmFsdWUiOiJjZW50ZXIifSwidGFibGV0Ijp7InZhbHVlIjoiIn0sIm1vYmlsZSI6eyJ2YWx1ZSI6IiJ9fX0=&#8221; woodmart_css_id=&#8221;62beceba9b05f&#8221; wd_column_role_offcanvas_desktop=&#8221;no&#8221; wd_column_role_offcanvas_tablet=&#8221;no&#8221; wd_column_role_offcanvas_mobile=&#8221;no&#8221; wd_column_role_content_desktop=&#8221;yes&#8221; wd_column_role_content_tablet=&#8221;yes&#8221; wd_column_role_content_mobile=&#8221;yes&#8221; mobile_bg_img_hidden=&#8221;no&#8221; tablet_bg_img_hidden=&#8221;no&#8221; woodmart_parallax=&#8221;0&#8243; woodmart_box_shadow=&#8221;no&#8221; responsive_spacing=&#8221;eyJwYXJhbV90eXBlIjoid29vZG1hcnRfcmVzcG9uc2l2ZV9zcGFjaW5nIiwic2VsZWN0b3JfaWQiOiI2MmJlY2ViYTliMDVmIiwic2hvcnRjb2RlIjoidmNfY29sdW1uIiwiZGF0YSI6eyJ0YWJsZXQiOnt9LCJtb2JpbGUiOnt9fX0=&#8221; mobile_reset_margin=&#8221;no&#8221; tablet_reset_margin=&#8221;no&#8221; wd_z_index=&#8221;no&#8221; css=&#8221;.vc_custom_1656671953804{margin-bottom: 0px !important;padding-bottom: 0px !important;background-color: #f2f2f2 !important;background-position: 0 0 !important;background-repeat: repeat !important;}&#8221; parallax_scroll=&#8221;no&#8221; woodmart_sticky_column=&#8221;false&#8221; wd_collapsible_content_switcher=&#8221;no&#8221;]\n\t\t<div id=\"wd-62d51d9bd58fb\" class=\"title-wrapper wd-wpb wd-set-mb reset-last-child  wd-rs-62d51d9bd58fb wd-title-color-default wd-title-style-default text-center bold-title-page-box vc_custom_1658133926124 wd-title-empty wd-underline-colored\">\n\t\t\t\t\t\t\t\n\t\t\t\t<div class=\"title-subtitle  subtitle-color-default font-default subtitle-style-default wd-font-weight-200 wd-fontsize-xs\">PROFESSIONAL<\/div>\n\t\t\t\n\t\t\t<div class=\"liner-continer\">\n\t\t\t\t<h3 class=\"woodmart-title-container title  wd-font-weight-300 wd-fontsize-l\" ><\/h3>\n\t\t\t\t\t\t\t<\/div>\n\t\t\t\n\t\t\t\n\t\t\t\n\t\t<\/div>\n\t\t\n\t\t\n\t\t<div id=\"wd-696de94db858d\" class=\"title-wrapper wd-wpb wd-set-mb reset-last-child  wd-rs-696de94db858d wd-title-color-default wd-title-style-default text-center title-uppercase-bold vc_custom_1768810839076 wd-underline-colored\">\n\t\t\t\n\t\t\t<div class=\"liner-continer\">\n\t\t\t\t<h2 class=\"woodmart-title-container title  wd-font-weight-700 wd-fontsize-xl\" >Nespresso Volluto<\/h2>\n\t\t\t\t\t\t\t<\/div>\n\t\t\t\n\t\t\t\n\t\t\t\n\t\t<\/div>\n\t\t\n\t\t\t\t<div id=\"wd-696de9c85cfd6\" class=\"wd-text-block wd-wpb reset-last-child wd-rs-696de9c85cfd6 text-center wd-font-weight-400 color-title wd-fontsize-m font-alt vc_custom_1768811304343 coffee-details-description\">\n\t\t\t<p>Kawa<strong data-start=\"99\" data-end=\"125\"> Nespresso Volluto<\/strong> \u2014 \u0142agodne, harmonijne espresso z wyselekcjonowanych arabik, starannie palonych, by wydoby\u0107 delikatne nuty zbo\u017cowe i dojrza\u0142ych owoc\u00f3w w ka\u017cdym \u0142yku.<\/p>\n\t\t<\/div>\n\t\t<div id=\"wd-69773ebe0e137\" class=\" wd-rs-69773ebe0e137 vc_custom_1769422549263 wd-button-wrapper text-center wd-collapsible-button\"><a href=\"https:\/\/www.lyreco.com\/webshop\/PLPL\/kawa-w-kapsulkach-nespresso-volluto-50-szt-box-product-000000000021591993.html\" title=\"\" target=\"_blank\" rel=\"nofollow noopener\" style=\"--btn-color:#fff;--btn-color-hover:#fff;\" class=\"btn btn-style-default btn-shape-rectangle btn-size-extra-large\">Kup teraz<\/a><\/div>[\/vc_column][vc_column width=&#8221;1\/2&#8243; woodmart_text_align=&#8221;center&#8221; vertical_alignment=&#8221;eyJkZXZpY2VzIjp7ImRlc2t0b3AiOnsidmFsdWUiOiJjZW50ZXIifSwidGFibGV0Ijp7InZhbHVlIjoiIn0sIm1vYmlsZSI6eyJ2YWx1ZSI6IiJ9fX0=&#8221; horizontal_alignment=&#8221;eyJkZXZpY2VzIjp7ImRlc2t0b3AiOnsidmFsdWUiOiJjZW50ZXIifSwidGFibGV0Ijp7InZhbHVlIjoiIn0sIm1vYmlsZSI6eyJ2YWx1ZSI6IiJ9fX0=&#8221; woodmart_css_id=&#8221;62977f1699df6&#8243; wd_column_role_offcanvas_desktop=&#8221;no&#8221; wd_column_role_offcanvas_tablet=&#8221;no&#8221; wd_column_role_offcanvas_mobile=&#8221;no&#8221; wd_column_role_content_desktop=&#8221;yes&#8221; wd_column_role_content_tablet=&#8221;yes&#8221; wd_column_role_content_mobile=&#8221;yes&#8221; mobile_bg_img_hidden=&#8221;no&#8221; tablet_bg_img_hidden=&#8221;no&#8221; woodmart_parallax=&#8221;0&#8243; woodmart_box_shadow=&#8221;no&#8221; responsive_spacing=&#8221;eyJwYXJhbV90eXBlIjoid29vZG1hcnRfcmVzcG9uc2l2ZV9zcGFjaW5nIiwic2VsZWN0b3JfaWQiOiI2Mjk3N2YxNjk5ZGY2Iiwic2hvcnRjb2RlIjoidmNfY29sdW1uIiwiZGF0YSI6eyJ0YWJsZXQiOnt9LCJtb2JpbGUiOnt9fX0=&#8221; mobile_reset_margin=&#8221;no&#8221; tablet_reset_margin=&#8221;no&#8221; wd_z_index=&#8221;no&#8221; parallax_scroll=&#8221;no&#8221; woodmart_sticky_column=&#8221;false&#8221; wd_collapsible_content_switcher=&#8221;no&#8221;]\t\t<div id=\"wd-696de7cc1b317\" class=\"wd-image wd-wpb reset-margin-mobile reset-margin-tablet wd-rs-696de7cc1b317 text-center vc_custom_1768810780507\">\n\t\t\t\n\t\t\t<img loading=\"lazy\" decoding=\"async\" width=\"1016\" height=\"748\" src=\"https:\/\/kawadlabiznesu.pl\/nespresso\/wp-content\/uploads\/2026\/01\/kawy-nespresso-volluto.png\" class=\"attachment-full size-full\" alt=\"nespresso volluto\" srcset=\"https:\/\/kawadlabiznesu.pl\/nespresso\/wp-content\/uploads\/2026\/01\/kawy-nespresso-volluto.png 1016w, https:\/\/kawadlabiznesu.pl\/nespresso\/wp-content\/uploads\/2026\/01\/kawy-nespresso-volluto-400x294.png 400w, https:\/\/kawadlabiznesu.pl\/nespresso\/wp-content\/uploads\/2026\/01\/kawy-nespresso-volluto-768x565.png 768w\" sizes=\"auto, (max-width: 1016px) 100vw, 1016px\" \/>\n\t\t\t\t\t<\/div>\n\t\t[\/vc_column][\/vc_row][vc_row full_width=&#8221;stretch_row_content_no_spaces&#8221; mobile_bg_img_hidden=&#8221;no&#8221; tablet_bg_img_hidden=&#8221;no&#8221; woodmart_parallax=&#8221;0&#8243; woodmart_gradient_switch=&#8221;no&#8221; row_reverse_mobile=&#8221;0&#8243; row_reverse_tablet=&#8221;0&#8243; woodmart_disable_overflow=&#8221;0&#8243; wd_z_index=&#8221;no&#8221; woodmart_css_id=&#8221;62bee0974233a&#8221; responsive_spacing=&#8221;eyJwYXJhbV90eXBlIjoid29vZG1hcnRfcmVzcG9uc2l2ZV9zcGFjaW5nIiwic2VsZWN0b3JfaWQiOiI2MmJlZTA5NzQyMzNhIiwic2hvcnRjb2RlIjoidmNfcm93IiwiZGF0YSI6eyJ0YWJsZXQiOnt9LCJtb2JpbGUiOnt9fX0=&#8221; woodmart_box_shadow=&#8221;no&#8221; css=&#8221;.vc_custom_1656676509232{margin-top: 0px !important;margin-bottom: 0px !important;padding-top: 0px !important;padding-bottom: 0px !important;}&#8221;][vc_column css=&#8221;.vc_custom_1656676524508{margin-top: 0px !important;margin-bottom: 0px !important;padding-top: 0px !important;padding-bottom: 0px !important;background-color: #ffffff !important;}&#8221; mobile_bg_img_hidden=&#8221;no&#8221; tablet_bg_img_hidden=&#8221;no&#8221; woodmart_parallax=&#8221;0&#8243; woodmart_sticky_column=&#8221;false&#8221; parallax_scroll=&#8221;no&#8221; mobile_reset_margin=&#8221;no&#8221; tablet_reset_margin=&#8221;no&#8221; woodmart_css_id=&#8221;62bee0a05b2e9&#8243; wd_collapsible_content_switcher=&#8221;no&#8221; wd_column_role_offcanvas_desktop=&#8221;no&#8221; wd_column_role_offcanvas_tablet=&#8221;no&#8221; wd_column_role_offcanvas_mobile=&#8221;no&#8221; wd_column_role_content_desktop=&#8221;no&#8221; wd_column_role_content_tablet=&#8221;no&#8221; wd_column_role_content_mobile=&#8221;no&#8221; woodmart_box_shadow=&#8221;no&#8221; responsive_spacing=&#8221;eyJwYXJhbV90eXBlIjoid29vZG1hcnRfcmVzcG9uc2l2ZV9zcGFjaW5nIiwic2VsZWN0b3JfaWQiOiI2MmJlZTBhMDViMmU5Iiwic2hvcnRjb2RlIjoidmNfY29sdW1uIiwiZGF0YSI6eyJ0YWJsZXQiOnt9LCJtb2JpbGUiOnt9fX0=&#8221; wd_z_index=&#8221;no&#8221;]<section class=\"elegant-tabs-container\">\n\t\t\t<div class=\"et-tabs et-vertical et-tabs-style-iconbox tab-class-2031704701 et-align-left  et-accordions-closed\"\n\t\t\tdata-tab_style=\"iconbox\"\n\t\t\tdata-active-bg=\"#ffffff\"\n\t\t\tdata-active-text=\"#000000\"\n\t\t\tdata-hover-bg=\"#ffffff\"\n\t\t\tdata-hover-text=\"#000000\"\n\t\t\tdata-active-tab=\"0\"\n\t\t\tdata-auto-switch-tab=\"no\"\n\t\t\tdata-switch-interval=\"5\"  data-show-hide-accordion=\"true\" >\n\t\t\t<nav class=\"elegant-tabs-nav\" style=\"\">\n\t\t\t<ul class=\"elegant-tabs-list-container\" style=\"color:#ffffff;\">\n\t\t\t<li style=\"background:#f2f2f2;color:#000000;\" ><a class=\"et-anchor-tag\" style=\"--border-color:#f2f2f2;color:#000000;font-size:22px;\" href=\"#\" target=\"\" data-href=\"#section-1656676095470-3-8\"><img decoding=\"async\" alt=\"\" class=\"elegant-tabs-image-icon\" data-hover-src=\"https:\/\/kawadlabiznesu.pl\/nespresso\/wp-content\/uploads\/2022\/07\/2.png\" data-original-src=\"https:\/\/kawadlabiznesu.pl\/nespresso\/wp-content\/uploads\/2022\/07\/2.png\" src=\"https:\/\/kawadlabiznesu.pl\/nespresso\/wp-content\/uploads\/2022\/07\/2.png\" style=\"width: 77px;height: 77px\" \/><span style=\"font-size: 22px;\" class=\"et-tab-title has-icon\">Opis<\/span><\/a><\/li><li style=\"background:#f2f2f2;color:#000000;\" ><a class=\"et-anchor-tag\" style=\"--border-color:#f2f2f2;color:#000000;font-size:22px;\" href=\"#\" target=\"\" data-href=\"#section-1656667070215-10\"><img decoding=\"async\" alt=\"\" class=\"elegant-tabs-image-icon\" data-hover-src=\"https:\/\/kawadlabiznesu.pl\/nespresso\/wp-content\/uploads\/2022\/07\/2.png\" data-original-src=\"https:\/\/kawadlabiznesu.pl\/nespresso\/wp-content\/uploads\/2022\/07\/2.png\" src=\"https:\/\/kawadlabiznesu.pl\/nespresso\/wp-content\/uploads\/2022\/07\/2.png\" style=\"width: 77px;height: 77px\" \/><span style=\"font-size: 22px;\" class=\"et-tab-title has-icon\">Szczeg\u00f3\u0142y<\/span><\/a><\/li><li style=\"background:#f2f2f2;color:#000000;\" ><a class=\"et-anchor-tag\" style=\"--border-color:#f2f2f2;color:#000000;font-size:22px;\" href=\"#\" target=\"\" data-href=\"#section-1656667070122-4\"><img decoding=\"async\" alt=\"\" class=\"elegant-tabs-image-icon\" data-hover-src=\"https:\/\/kawadlabiznesu.pl\/nespresso\/wp-content\/uploads\/2022\/07\/2.png\" data-original-src=\"https:\/\/kawadlabiznesu.pl\/nespresso\/wp-content\/uploads\/2022\/07\/2.png\" src=\"https:\/\/kawadlabiznesu.pl\/nespresso\/wp-content\/uploads\/2022\/07\/2.png\" style=\"width: 77px;height: 77px\" \/><span style=\"font-size: 22px;\" class=\"et-tab-title has-icon\">Sk\u0142adniki<\/span><\/a><\/li>\n\t\t\t<\/ul>\n\t\t\t<\/nav>\n\t\t\t<div class=\"et-content-wrap\">\n\t\t\t\t\t\t\t\t<div class=\"infi-responsive-tabs\"\n\t\t\t\t\t\tstyle=\"\"\n\t\t\t\t\t\tdata-tab_style=\"iconbox\"\n\t\t\t\t\t\tdata-active-bg=\"#ffffff\"\n\t\t\t\t\t\tdata-active-text=\"#000000\"\n\t\t\t\t\t\tdata-hover-bg=\"#ffffff\"\n\t\t\t\t\t\tdata-hover-text=\"#000000\">\n\t\t\t\t\t\t<div class=\"infi-tab-accordion\">\n\t\t\t\t\t\t\t<div class=\"1656676095470-3-8_tab infi_accordion_item\" style=\"background:#f2f2f2;color:#000000;\">\n\t\t\t\t\t\t\t\t<div class=\"infi-accordion-item-heading\" data-href=\"#section-1656676095470-3-8\" style=\"color:#000000;\">\n\t\t\t\t\t\t\t\t\t<img decoding=\"async\" alt=\"\" class=\"elegant-tabs-image-icon\" data-hover-src=\"https:\/\/kawadlabiznesu.pl\/nespresso\/wp-content\/uploads\/2022\/07\/2.png\" data-original-src=\"https:\/\/kawadlabiznesu.pl\/nespresso\/wp-content\/uploads\/2022\/07\/2.png\" src=\"https:\/\/kawadlabiznesu.pl\/nespresso\/wp-content\/uploads\/2022\/07\/2.png\" style=\"width: 77px;height: 77px\" \/>\t\t\t\t\t\t\t\t\t<span class=\" has-icon\">Opis<\/span>\t\t\t\t\t\t\t\t<\/div>\n\t\t\t\t\t\t\t\t\t\t\t\t\t\t\t<\/div>\n\t\t\t\t\t\t<\/div>\n\t\t\t\t\t<\/div>\n\t\t\t\t\t<section id=\"section-1656676095470-3-8\" class=\"tab\" data-animation=\"\" style=\"background:#ffffff; color:#000000;\"><div class=\"infi-content-wrapper\">[vc_empty_space]\t\t<div id=\"wd-69e76a91d82d3\" class=\"wd-text-block wd-wpb reset-last-child wd-rs-69e76a91d82d3 text-left wd-font-weight-400 wd-fontsize-m font-alt vc_custom_1776773819442 coffee-details\">\n\t\t\t<p><strong>Volluto<\/strong>, ponadczasowy faworyt <strong>Nespresso<\/strong>, to \u0142agodne i harmonijne espresso ze 100% arabiki z Kolumbii (ziarna w pe\u0142ni myte, daj\u0105ce owocowy charakter i \u015bwie\u017c\u0105 kwaskowato\u015b\u0107) oraz Brazylii (obr\u00f3bka na sucho, wnosz\u0105ca nuty zbo\u017cowe i delikatnie orzechowy akcent). Delektuj si\u0119 nutami zb\u00f3\u017c i dojrza\u0142ych owoc\u00f3w w fili\u017cance do espresso (40 ml).<\/p>\n<p><strong>Intensywno\u015b\u0107:<\/strong> 4<br \/>\n<strong>Pojemno\u015b\u0107 fili\u017canki:<\/strong> 40 ml<br \/>\n<strong>G\u0142\u00f3wne nuty aromatyczne:<\/strong> zbo\u017cowe \/ dojrza\u0142e owoce<br \/>\n<strong>Goryczka:<\/strong> **<br \/>\n<strong>Kwaskowato\u015b\u0107:<\/strong> ****<br \/>\n<strong>Palenie:<\/strong> ***<br \/>\n<strong>Body:<\/strong> ***<\/p>\n\t\t<\/div>\n\t\t[vc_empty_space woodmart_hide_large=&#8221;1&#8243; woodmart_hide_medium=&#8221;0&#8243; woodmart_hide_small=&#8221;0&#8243;]<\/div><\/section>\t\t\t\t\t<div class=\"infi-responsive-tabs\"\n\t\t\t\t\t\tstyle=\"\"\n\t\t\t\t\t\tdata-tab_style=\"iconbox\"\n\t\t\t\t\t\tdata-active-bg=\"#ffffff\"\n\t\t\t\t\t\tdata-active-text=\"#000000\"\n\t\t\t\t\t\tdata-hover-bg=\"#ffffff\"\n\t\t\t\t\t\tdata-hover-text=\"#000000\">\n\t\t\t\t\t\t<div class=\"infi-tab-accordion\">\n\t\t\t\t\t\t\t<div class=\"1656667070215-10_tab infi_accordion_item\" style=\"background:#f2f2f2;color:#000000;\">\n\t\t\t\t\t\t\t\t<div class=\"infi-accordion-item-heading\" data-href=\"#section-1656667070215-10\" style=\"color:#000000;\">\n\t\t\t\t\t\t\t\t\t<img decoding=\"async\" alt=\"\" class=\"elegant-tabs-image-icon\" data-hover-src=\"https:\/\/kawadlabiznesu.pl\/nespresso\/wp-content\/uploads\/2022\/07\/2.png\" data-original-src=\"https:\/\/kawadlabiznesu.pl\/nespresso\/wp-content\/uploads\/2022\/07\/2.png\" src=\"https:\/\/kawadlabiznesu.pl\/nespresso\/wp-content\/uploads\/2022\/07\/2.png\" style=\"width: 77px;height: 77px\" \/>\t\t\t\t\t\t\t\t\t<span class=\" has-icon\">Szczeg\u00f3\u0142y<\/span>\t\t\t\t\t\t\t\t<\/div>\n\t\t\t\t\t\t\t\t\t\t\t\t\t\t\t<\/div>\n\t\t\t\t\t\t<\/div>\n\t\t\t\t\t<\/div>\n\t\t\t\t\t<section id=\"section-1656667070215-10\" class=\"tab\" data-animation=\"\" style=\"background:#ffffff; color:#000000;\"><div class=\"infi-content-wrapper\">[vc_empty_space]\t\t<div id=\"wd-696def7e809cd\" class=\"wd-text-block wd-wpb reset-last-child wd-rs-696def7e809cd text-left wd-font-weight-400 wd-fontsize-m font-alt vc_custom_1768812636787 coffee-details\">\n\t\t\t<p data-start=\"0\" data-end=\"278\"><strong data-start=\"0\" data-end=\"15\">Pochodzenie<\/strong><br data-start=\"15\" data-end=\"18\" \/>Mieszanka 100% arabiki z dw\u00f3ch klasycznych region\u00f3w: w pe\u0142ni mytych ziaren z Kolumbii, kt\u00f3re nadaj\u0105 kawie owocowy charakter i \u015bwie\u017c\u0105 kwaskowato\u015b\u0107, oraz ziaren obrabianych metod\u0105 such\u0105 z Brazylii, wnosz\u0105cych przyjemne nuty zbo\u017cowe i delikatnie orzechowy akcent.<\/p>\n<p data-start=\"280\" data-end=\"391\"><strong data-start=\"280\" data-end=\"291\">Palenie<\/strong><br data-start=\"291\" data-end=\"294\" \/>Jasne, rozdzielne palenie pozwala zachowa\u0107 \u0142agodny charakter espresso i podkre\u015bla finezj\u0119 ziaren.<\/p>\n<p data-start=\"393\" data-end=\"545\"><strong data-start=\"393\" data-end=\"415\">Profil aromatyczny<\/strong><br data-start=\"415\" data-end=\"418\" \/>Harmonijne po\u0142\u0105czenie nut zbo\u017cowych i dojrza\u0142ych owoc\u00f3w, uzupe\u0142nione \u015bwie\u017c\u0105 kwaskowato\u015bci\u0105 oraz subtelnym, orzechowym akcentem.<\/p>\n<p data-start=\"547\" data-end=\"590\"><strong>NAJLEPSZE SPOSOBY PODANIA KAWY Z MLEKIEM<\/strong><\/p>\n<p data-start=\"592\" data-end=\"767\"><strong data-start=\"592\" data-end=\"610\">Odrobina mleka<\/strong><br data-start=\"610\" data-end=\"613\" \/>Po dodaniu mleka Volluto staje si\u0119 bardziej aksamitna i kremowa, uwypuklaj\u0105c nuty zbo\u017cowe i delikatn\u0105 s\u0142odycz, a jednocze\u015bnie zachowuj\u0105c owocow\u0105 \u015bwie\u017co\u015b\u0107.<\/p>\n<p data-start=\"769\" data-end=\"937\" data-is-last-node=\"\" data-is-only-node=\"\"><strong data-start=\"769\" data-end=\"786\">Latte (50\/50)<\/strong><br data-start=\"786\" data-end=\"789\" \/>Caff\u00e8 latte na bazie Volluto zyskuje g\u0142adk\u0105, deserow\u0105 harmoni\u0119 \u2014 wydobywa s\u0142odkie nuty karmelu i zb\u00f3\u017c, podkre\u015blaj\u0105c przyjemn\u0105, \u0142agodn\u0105 pe\u0142ni\u0119 smaku.<\/p>\n\t\t<\/div>\n\t\t[vc_empty_space height=&#8221;15px&#8221; woodmart_hide_large=&#8221;0&#8243; woodmart_hide_medium=&#8221;0&#8243; woodmart_hide_small=&#8221;0&#8243;]<\/div><\/section>\t\t\t\t\t<div class=\"infi-responsive-tabs\"\n\t\t\t\t\t\tstyle=\"\"\n\t\t\t\t\t\tdata-tab_style=\"iconbox\"\n\t\t\t\t\t\tdata-active-bg=\"#ffffff\"\n\t\t\t\t\t\tdata-active-text=\"#000000\"\n\t\t\t\t\t\tdata-hover-bg=\"#ffffff\"\n\t\t\t\t\t\tdata-hover-text=\"#000000\">\n\t\t\t\t\t\t<div class=\"infi-tab-accordion\">\n\t\t\t\t\t\t\t<div class=\"1656667070122-4_tab infi_accordion_item\" style=\"background:#f2f2f2;color:#000000;\">\n\t\t\t\t\t\t\t\t<div class=\"infi-accordion-item-heading\" data-href=\"#section-1656667070122-4\" style=\"color:#000000;\">\n\t\t\t\t\t\t\t\t\t<img decoding=\"async\" alt=\"\" class=\"elegant-tabs-image-icon\" data-hover-src=\"https:\/\/kawadlabiznesu.pl\/nespresso\/wp-content\/uploads\/2022\/07\/2.png\" data-original-src=\"https:\/\/kawadlabiznesu.pl\/nespresso\/wp-content\/uploads\/2022\/07\/2.png\" src=\"https:\/\/kawadlabiznesu.pl\/nespresso\/wp-content\/uploads\/2022\/07\/2.png\" style=\"width: 77px;height: 77px\" \/>\t\t\t\t\t\t\t\t\t<span class=\" has-icon\">Sk\u0142adniki<\/span>\t\t\t\t\t\t\t\t<\/div>\n\t\t\t\t\t\t\t\t\t\t\t\t\t\t\t<\/div>\n\t\t\t\t\t\t<\/div>\n\t\t\t\t\t<\/div>\n\t\t\t\t\t<section id=\"section-1656667070122-4\" class=\"tab\" data-animation=\"\" style=\"background:#ffffff; color:#000000;\"><div class=\"infi-content-wrapper\">[vc_empty_space woodmart_hide_large=&#8221;0&#8243; woodmart_hide_medium=&#8221;0&#8243; woodmart_hide_small=&#8221;0&#8243;]\t\t<div id=\"wd-696df060afa94\" class=\"wd-text-block wd-wpb reset-last-child wd-rs-696df060afa94 text-left wd-font-weight-400 wd-fontsize-m font-alt vc_custom_1768812849536 coffee-details\">\n\t\t\t<p data-start=\"0\" data-end=\"113\">Kapsu\u0142ki PRO palonej i mielonej kawy do systemu NESPRESSO.<br data-start=\"58\" data-end=\"61\" \/>Kawa sprzedawana w opakowaniach po 50 szt. i 30 szt.<\/p>\n<p data-start=\"115\" data-end=\"190\"><strong data-start=\"115\" data-end=\"148\">Masa netto (dla 50 kapsu\u0142ek):<\/strong> 300 g.<br data-start=\"155\" data-end=\"158\" \/><strong data-start=\"158\" data-end=\"178\" data-is-only-node=\"\">Wyprodukowano w:<\/strong> Szwajcarii.<\/p>\n<p data-start=\"192\" data-end=\"227\" data-is-last-node=\"\" data-is-only-node=\"\"><strong data-start=\"192\" data-end=\"202\">Sk\u0142ad:<\/strong><br data-start=\"202\" data-end=\"205\" \/>Palona i mielona kawa.<\/p>\n\t\t<\/div>\n\t\t[vc_empty_space woodmart_hide_large=&#8221;0&#8243; woodmart_hide_medium=&#8221;0&#8243; woodmart_hide_small=&#8221;0&#8243;]<\/div><\/section>\n\t\t\t<\/div> <!-- \/et-content-wrap -->\n\t\t\t<\/div> <!-- \/et-tabs -->\n\t\t\t<\/section>[\/vc_column][\/vc_row]<\/p>\n<\/div>","protected":false},"excerpt":{"rendered":"<p>[vc_row full_width=&#8221;stretch_row_content_no_spaces&#8221; equal_height=&#8221;yes&#8221; content_placement=&#8221;middle&#8221; woodmart_css_id=&#8221;62becdfef365e&#8221; responsive_spacing=&#8221;eyJwYXJhbV90eXBlIjoid29vZG1hcnRfcmVzcG9uc2l2ZV9zcGFjaW5nIiwic2VsZWN0b3JfaWQiOiI2MmJlY2RmZWYzNjVlIiwic2hvcnRjb2RlIjoidmNfcm93IiwiZGF0YSI6eyJ0YWJsZXQiOnt9LCJtb2JpbGUiOnt9fX0=&#8221; mobile_bg_img_hidden=&#8221;no&#8221; tablet_bg_img_hidden=&#8221;no&#8221; woodmart_parallax=&#8221;0&#8243; woodmart_gradient_switch=&#8221;no&#8221; woodmart_box_shadow=&#8221;no&#8221; wd_z_index=&#8221;no&#8221; woodmart_disable_overflow=&#8221;0&#8243; row_reverse_mobile=&#8221;0&#8243; row_reverse_tablet=&#8221;0&#8243; css=&#8221;.vc_custom_1656671752223{margin-bottom: 0px !important;padding-bottom: 0px !important;}&#8221;][vc_column<\/p>\n","protected":false},"author":2,"featured_media":13528,"parent":8922,"menu_order":0,"comment_status":"closed","ping_status":"closed","template":"","meta":{"_breakdance_hide_in_design_set":false,"_breakdance_tags":"","footnotes":""},"class_list":["post-13526","page","type-page","status-publish","has-post-thumbnail","hentry"],"_links":{"self":[{"href":"https:\/\/kawadlabiznesu.pl\/nespresso\/wp-json\/wp\/v2\/pages\/13526","targetHints":{"allow":["GET"]}}],"collection":[{"href":"https:\/\/kawadlabiznesu.pl\/nespresso\/wp-json\/wp\/v2\/pages"}],"about":[{"href":"https:\/\/kawadlabiznesu.pl\/nespresso\/wp-json\/wp\/v2\/types\/page"}],"author":[{"embeddable":true,"href":"https:\/\/kawadlabiznesu.pl\/nespresso\/wp-json\/wp\/v2\/users\/2"}],"replies":[{"embeddable":true,"href":"https:\/\/kawadlabiznesu.pl\/nespresso\/wp-json\/wp\/v2\/comments?post=13526"}],"version-history":[{"count":8,"href":"https:\/\/kawadlabiznesu.pl\/nespresso\/wp-json\/wp\/v2\/pages\/13526\/revisions"}],"predecessor-version":[{"id":13656,"href":"https:\/\/kawadlabiznesu.pl\/nespresso\/wp-json\/wp\/v2\/pages\/13526\/revisions\/13656"}],"up":[{"embeddable":true,"href":"https:\/\/kawadlabiznesu.pl\/nespresso\/wp-json\/wp\/v2\/pages\/8922"}],"wp:featuredmedia":[{"embeddable":true,"href":"https:\/\/kawadlabiznesu.pl\/nespresso\/wp-json\/wp\/v2\/media\/13528"}],"wp:attachment":[{"href":"https:\/\/kawadlabiznesu.pl\/nespresso\/wp-json\/wp\/v2\/media?parent=13526"}],"curies":[{"name":"wp","href":"https:\/\/api.w.org\/{rel}","templated":true}]}}