{"id":8877,"date":"2022-07-18T15:35:47","date_gmt":"2022-07-18T13:35:47","guid":{"rendered":"https:\/\/lyreco.adlife.pl\/?page_id=8877"},"modified":"2024-08-26T15:18:53","modified_gmt":"2024-08-26T13:18:53","slug":"nespresso-ice-intenso","status":"publish","type":"page","link":"https:\/\/kawadlabiznesu.pl\/nespresso\/kawy\/kawy-nespresso-creations\/nespresso-ice-intenso\/","title":{"rendered":"Nespresso Ice Intenso"},"content":{"rendered":"<div class=\"wpb-content-wrapper\"><p>[vc_row full_width=&#8221;stretch_row_content_no_spaces&#8221; equal_height=&#8221;yes&#8221; content_placement=&#8221;middle&#8221; woodmart_css_id=&#8221;62becdfef365e&#8221; responsive_spacing=&#8221;eyJwYXJhbV90eXBlIjoid29vZG1hcnRfcmVzcG9uc2l2ZV9zcGFjaW5nIiwic2VsZWN0b3JfaWQiOiI2MmJlY2RmZWYzNjVlIiwic2hvcnRjb2RlIjoidmNfcm93IiwiZGF0YSI6eyJ0YWJsZXQiOnt9LCJtb2JpbGUiOnt9fX0=&#8221; mobile_bg_img_hidden=&#8221;no&#8221; tablet_bg_img_hidden=&#8221;no&#8221; woodmart_parallax=&#8221;0&#8243; woodmart_gradient_switch=&#8221;no&#8221; woodmart_box_shadow=&#8221;no&#8221; wd_z_index=&#8221;no&#8221; woodmart_disable_overflow=&#8221;0&#8243; row_reverse_mobile=&#8221;0&#8243; row_reverse_tablet=&#8221;0&#8243; css=&#8221;.vc_custom_1656671752223{margin-bottom: 0px !important;padding-bottom: 0px !important;}&#8221;][vc_column width=&#8221;1\/2&#8243; woodmart_text_align=&#8221;center&#8221; vertical_alignment=&#8221;eyJkZXZpY2VzIjp7ImRlc2t0b3AiOnsidmFsdWUiOiJjZW50ZXIifSwidGFibGV0Ijp7InZhbHVlIjoiIn0sIm1vYmlsZSI6eyJ2YWx1ZSI6IiJ9fX0=&#8221; horizontal_alignment=&#8221;eyJkZXZpY2VzIjp7ImRlc2t0b3AiOnsidmFsdWUiOiJjZW50ZXIifSwidGFibGV0Ijp7InZhbHVlIjoiIn0sIm1vYmlsZSI6eyJ2YWx1ZSI6IiJ9fX0=&#8221; woodmart_css_id=&#8221;62beceba9b05f&#8221; wd_column_role_offcanvas_desktop=&#8221;no&#8221; wd_column_role_offcanvas_tablet=&#8221;no&#8221; wd_column_role_offcanvas_mobile=&#8221;no&#8221; wd_column_role_content_desktop=&#8221;yes&#8221; wd_column_role_content_tablet=&#8221;yes&#8221; wd_column_role_content_mobile=&#8221;yes&#8221; mobile_bg_img_hidden=&#8221;no&#8221; tablet_bg_img_hidden=&#8221;no&#8221; woodmart_parallax=&#8221;0&#8243; woodmart_box_shadow=&#8221;no&#8221; responsive_spacing=&#8221;eyJwYXJhbV90eXBlIjoid29vZG1hcnRfcmVzcG9uc2l2ZV9zcGFjaW5nIiwic2VsZWN0b3JfaWQiOiI2MmJlY2ViYTliMDVmIiwic2hvcnRjb2RlIjoidmNfY29sdW1uIiwiZGF0YSI6eyJ0YWJsZXQiOnt9LCJtb2JpbGUiOnt9fX0=&#8221; mobile_reset_margin=&#8221;no&#8221; tablet_reset_margin=&#8221;no&#8221; wd_z_index=&#8221;no&#8221; css=&#8221;.vc_custom_1656671953804{margin-bottom: 0px !important;padding-bottom: 0px !important;background-color: #f2f2f2 !important;background-position: 0 0 !important;background-repeat: repeat !important;}&#8221; parallax_scroll=&#8221;no&#8221; woodmart_sticky_column=&#8221;false&#8221; wd_collapsible_content_switcher=&#8221;no&#8221;]\n\t\t<div id=\"wd-62d51d9bd58fb\" class=\"title-wrapper wd-wpb wd-set-mb reset-last-child  wd-rs-62d51d9bd58fb wd-title-color-default wd-title-style-default text-center bold-title-page-box vc_custom_1658133926124 wd-title-empty wd-underline-colored\">\n\t\t\t\t\t\t\t\n\t\t\t\t<div class=\"title-subtitle  subtitle-color-default font-default subtitle-style-default wd-font-weight-200 wd-fontsize-xs\">PROFESSIONAL<\/div>\n\t\t\t\n\t\t\t<div class=\"liner-continer\">\n\t\t\t\t<h3 class=\"woodmart-title-container title  wd-font-weight-300 wd-fontsize-l\" ><\/h3>\n\t\t\t\t\t\t\t<\/div>\n\t\t\t\n\t\t\t\n\t\t\t\n\t\t<\/div>\n\t\t\n\t\t\n\t\t<div id=\"wd-62d560f4a126d\" class=\"title-wrapper wd-wpb wd-set-mb reset-last-child  wd-rs-62d560f4a126d wd-title-color-default wd-title-style-default text-center title-uppercase-bold vc_custom_1658151160927 wd-underline-colored\">\n\t\t\t\n\t\t\t<div class=\"liner-continer\">\n\t\t\t\t<h2 class=\"woodmart-title-container title  wd-font-weight-700 wd-fontsize-xl\" >Nespresso Ice Intenso<\/h2>\n\t\t\t\t\t\t\t<\/div>\n\t\t\t\n\t\t\t\n\t\t\t\n\t\t<\/div>\n\t\t\n\t\t\t\t<div id=\"wd-66cc8031d3eb8\" class=\"wd-text-block wd-wpb reset-last-child wd-rs-66cc8031d3eb8 text-center wd-font-weight-400 color-title wd-fontsize-m font-alt vc_custom_1724678244108 coffee-details-description\">\n\t\t\t<p>Spodoba ci\u00a0si\u0119 charakter ciemno palonych ziaren kawy ICE INTENSO.<br \/>\nTa mieszanka arabiki to pi\u0119knie zbalansowane nuty zbo\u017cowe i drzewne z klasycznym goryczkowym smakiem ciemno palonych ziaren.<\/p>\n\t\t<\/div>\n\t\t<div id=\"wd-64de0f84a0af3\" class=\" wd-rs-64de0f84a0af3 vc_custom_1692274589768 wd-button-wrapper text-center wd-collapsible-button\"><a href=\"https:\/\/www.lyreco.com\/webshop\/PLPL\/kawa-w-kapsulkach-nespresso-creations-ice-intenso-50-szt-box-product-13443519.html\" title=\"\" target=\"_blank\" rel=\"nofollow noopener\" style=\"--btn-color:#fff;--btn-color-hover:#fff;\" class=\"btn btn-style-default btn-shape-rectangle btn-size-extra-large\">Kup teraz<\/a><\/div>[\/vc_column][vc_column width=&#8221;1\/2&#8243; woodmart_text_align=&#8221;center&#8221; vertical_alignment=&#8221;eyJkZXZpY2VzIjp7ImRlc2t0b3AiOnsidmFsdWUiOiJjZW50ZXIifSwidGFibGV0Ijp7InZhbHVlIjoiIn0sIm1vYmlsZSI6eyJ2YWx1ZSI6IiJ9fX0=&#8221; horizontal_alignment=&#8221;eyJkZXZpY2VzIjp7ImRlc2t0b3AiOnsidmFsdWUiOiJjZW50ZXIifSwidGFibGV0Ijp7InZhbHVlIjoiIn0sIm1vYmlsZSI6eyJ2YWx1ZSI6IiJ9fX0=&#8221; woodmart_css_id=&#8221;62977f1699df6&#8243; wd_column_role_offcanvas_desktop=&#8221;no&#8221; wd_column_role_offcanvas_tablet=&#8221;no&#8221; wd_column_role_offcanvas_mobile=&#8221;no&#8221; wd_column_role_content_desktop=&#8221;yes&#8221; wd_column_role_content_tablet=&#8221;yes&#8221; wd_column_role_content_mobile=&#8221;yes&#8221; mobile_bg_img_hidden=&#8221;no&#8221; tablet_bg_img_hidden=&#8221;no&#8221; woodmart_parallax=&#8221;0&#8243; woodmart_box_shadow=&#8221;no&#8221; responsive_spacing=&#8221;eyJwYXJhbV90eXBlIjoid29vZG1hcnRfcmVzcG9uc2l2ZV9zcGFjaW5nIiwic2VsZWN0b3JfaWQiOiI2Mjk3N2YxNjk5ZGY2Iiwic2hvcnRjb2RlIjoidmNfY29sdW1uIiwiZGF0YSI6eyJ0YWJsZXQiOnt9LCJtb2JpbGUiOnt9fX0=&#8221; mobile_reset_margin=&#8221;no&#8221; tablet_reset_margin=&#8221;no&#8221; wd_z_index=&#8221;no&#8221; parallax_scroll=&#8221;no&#8221; woodmart_sticky_column=&#8221;false&#8221; wd_collapsible_content_switcher=&#8221;no&#8221;]\t\t<div id=\"wd-62d561d90b670\" class=\"wd-image wd-wpb reset-margin-mobile reset-margin-tablet wd-rs-62d561d90b670 text-center vc_custom_1658151394220\">\n\t\t\t\n\t\t\t<img loading=\"lazy\" decoding=\"async\" width=\"1016\" height=\"748\" src=\"https:\/\/kawadlabiznesu.pl\/nespresso\/wp-content\/uploads\/2022\/07\/kawy-nespresso-ice-intenso.jpg\" class=\"attachment-full size-full\" alt=\"kawy Nespresso - Ice Intenso\" srcset=\"https:\/\/kawadlabiznesu.pl\/nespresso\/wp-content\/uploads\/2022\/07\/kawy-nespresso-ice-intenso.jpg 1016w, https:\/\/kawadlabiznesu.pl\/nespresso\/wp-content\/uploads\/2022\/07\/kawy-nespresso-ice-intenso-400x294.jpg 400w, https:\/\/kawadlabiznesu.pl\/nespresso\/wp-content\/uploads\/2022\/07\/kawy-nespresso-ice-intenso-768x565.jpg 768w\" sizes=\"auto, (max-width: 1016px) 100vw, 1016px\" \/>\n\t\t\t\t\t<\/div>\n\t\t[\/vc_column][\/vc_row][vc_row full_width=&#8221;stretch_row_content_no_spaces&#8221; mobile_bg_img_hidden=&#8221;no&#8221; tablet_bg_img_hidden=&#8221;no&#8221; woodmart_parallax=&#8221;0&#8243; woodmart_gradient_switch=&#8221;no&#8221; row_reverse_mobile=&#8221;0&#8243; row_reverse_tablet=&#8221;0&#8243; woodmart_disable_overflow=&#8221;0&#8243; wd_z_index=&#8221;no&#8221; woodmart_css_id=&#8221;62bee0974233a&#8221; responsive_spacing=&#8221;eyJwYXJhbV90eXBlIjoid29vZG1hcnRfcmVzcG9uc2l2ZV9zcGFjaW5nIiwic2VsZWN0b3JfaWQiOiI2MmJlZTA5NzQyMzNhIiwic2hvcnRjb2RlIjoidmNfcm93IiwiZGF0YSI6eyJ0YWJsZXQiOnt9LCJtb2JpbGUiOnt9fX0=&#8221; woodmart_box_shadow=&#8221;no&#8221; css=&#8221;.vc_custom_1656676509232{margin-top: 0px !important;margin-bottom: 0px !important;padding-top: 0px !important;padding-bottom: 0px !important;}&#8221;][vc_column css=&#8221;.vc_custom_1656676524508{margin-top: 0px !important;margin-bottom: 0px !important;padding-top: 0px !important;padding-bottom: 0px !important;background-color: #ffffff !important;}&#8221; mobile_bg_img_hidden=&#8221;no&#8221; tablet_bg_img_hidden=&#8221;no&#8221; woodmart_parallax=&#8221;0&#8243; woodmart_sticky_column=&#8221;false&#8221; parallax_scroll=&#8221;no&#8221; mobile_reset_margin=&#8221;no&#8221; tablet_reset_margin=&#8221;no&#8221; woodmart_css_id=&#8221;62bee0a05b2e9&#8243; wd_collapsible_content_switcher=&#8221;no&#8221; wd_column_role_offcanvas_desktop=&#8221;no&#8221; wd_column_role_offcanvas_tablet=&#8221;no&#8221; wd_column_role_offcanvas_mobile=&#8221;no&#8221; wd_column_role_content_desktop=&#8221;no&#8221; wd_column_role_content_tablet=&#8221;no&#8221; wd_column_role_content_mobile=&#8221;no&#8221; woodmart_box_shadow=&#8221;no&#8221; responsive_spacing=&#8221;eyJwYXJhbV90eXBlIjoid29vZG1hcnRfcmVzcG9uc2l2ZV9zcGFjaW5nIiwic2VsZWN0b3JfaWQiOiI2MmJlZTBhMDViMmU5Iiwic2hvcnRjb2RlIjoidmNfY29sdW1uIiwiZGF0YSI6eyJ0YWJsZXQiOnt9LCJtb2JpbGUiOnt9fX0=&#8221; wd_z_index=&#8221;no&#8221;]<section class=\"elegant-tabs-container\">\n\t\t\t<div class=\"et-tabs et-vertical et-tabs-style-iconbox tab-class-3702915953 et-align-left  et-accordions-closed\"\n\t\t\tdata-tab_style=\"iconbox\"\n\t\t\tdata-active-bg=\"#ffffff\"\n\t\t\tdata-active-text=\"#000000\"\n\t\t\tdata-hover-bg=\"#ffffff\"\n\t\t\tdata-hover-text=\"#000000\"\n\t\t\tdata-active-tab=\"0\"\n\t\t\tdata-auto-switch-tab=\"no\"\n\t\t\tdata-switch-interval=\"5\"  data-show-hide-accordion=\"true\" >\n\t\t\t<nav class=\"elegant-tabs-nav\" style=\"\">\n\t\t\t<ul class=\"elegant-tabs-list-container\" style=\"color:#ffffff;\">\n\t\t\t<li style=\"background:#f2f2f2;color:#000000;\" ><a class=\"et-anchor-tag\" style=\"--border-color:#f2f2f2;color:#000000;font-size:22px;\" href=\"#\" target=\"\" data-href=\"#section-1656676095470-3-8\"><img decoding=\"async\" alt=\"\" class=\"elegant-tabs-image-icon\" data-hover-src=\"https:\/\/kawadlabiznesu.pl\/nespresso\/wp-content\/uploads\/2022\/07\/2.png\" data-original-src=\"https:\/\/kawadlabiznesu.pl\/nespresso\/wp-content\/uploads\/2022\/07\/2.png\" src=\"https:\/\/kawadlabiznesu.pl\/nespresso\/wp-content\/uploads\/2022\/07\/2.png\" style=\"width: 77px;height: 77px\" \/><span style=\"font-size: 22px;\" class=\"et-tab-title has-icon\">Opis<\/span><\/a><\/li><li style=\"background:#f2f2f2;color:#000000;\" ><a class=\"et-anchor-tag\" style=\"--border-color:#f2f2f2;color:#000000;font-size:22px;\" href=\"#\" target=\"\" data-href=\"#section-1656667070215-10\"><img decoding=\"async\" alt=\"\" class=\"elegant-tabs-image-icon\" data-hover-src=\"https:\/\/kawadlabiznesu.pl\/nespresso\/wp-content\/uploads\/2022\/07\/2.png\" data-original-src=\"https:\/\/kawadlabiznesu.pl\/nespresso\/wp-content\/uploads\/2022\/07\/2.png\" src=\"https:\/\/kawadlabiznesu.pl\/nespresso\/wp-content\/uploads\/2022\/07\/2.png\" style=\"width: 77px;height: 77px\" \/><span style=\"font-size: 22px;\" class=\"et-tab-title has-icon\">Szczeg\u00f3\u0142y<\/span><\/a><\/li><li style=\"background:#f2f2f2;color:#000000;\" ><a class=\"et-anchor-tag\" style=\"--border-color:#f2f2f2;color:#000000;font-size:22px;\" href=\"#\" target=\"\" data-href=\"#section-1656667070122-4\"><img decoding=\"async\" alt=\"\" class=\"elegant-tabs-image-icon\" data-hover-src=\"https:\/\/kawadlabiznesu.pl\/nespresso\/wp-content\/uploads\/2022\/07\/2.png\" data-original-src=\"https:\/\/kawadlabiznesu.pl\/nespresso\/wp-content\/uploads\/2022\/07\/2.png\" src=\"https:\/\/kawadlabiznesu.pl\/nespresso\/wp-content\/uploads\/2022\/07\/2.png\" style=\"width: 77px;height: 77px\" \/><span style=\"font-size: 22px;\" class=\"et-tab-title has-icon\">Sk\u0142adniki<\/span><\/a><\/li>\n\t\t\t<\/ul>\n\t\t\t<\/nav>\n\t\t\t<div class=\"et-content-wrap\">\n\t\t\t\t\t\t\t\t<div class=\"infi-responsive-tabs\"\n\t\t\t\t\t\tstyle=\"\"\n\t\t\t\t\t\tdata-tab_style=\"iconbox\"\n\t\t\t\t\t\tdata-active-bg=\"#ffffff\"\n\t\t\t\t\t\tdata-active-text=\"#000000\"\n\t\t\t\t\t\tdata-hover-bg=\"#ffffff\"\n\t\t\t\t\t\tdata-hover-text=\"#000000\">\n\t\t\t\t\t\t<div class=\"infi-tab-accordion\">\n\t\t\t\t\t\t\t<div class=\"1656676095470-3-8_tab infi_accordion_item\" style=\"background:#f2f2f2;color:#000000;\">\n\t\t\t\t\t\t\t\t<div class=\"infi-accordion-item-heading\" data-href=\"#section-1656676095470-3-8\" style=\"color:#000000;\">\n\t\t\t\t\t\t\t\t\t<img decoding=\"async\" alt=\"\" class=\"elegant-tabs-image-icon\" data-hover-src=\"https:\/\/kawadlabiznesu.pl\/nespresso\/wp-content\/uploads\/2022\/07\/2.png\" data-original-src=\"https:\/\/kawadlabiznesu.pl\/nespresso\/wp-content\/uploads\/2022\/07\/2.png\" src=\"https:\/\/kawadlabiznesu.pl\/nespresso\/wp-content\/uploads\/2022\/07\/2.png\" style=\"width: 77px;height: 77px\" \/>\t\t\t\t\t\t\t\t\t<span class=\" has-icon\">Opis<\/span>\t\t\t\t\t\t\t\t<\/div>\n\t\t\t\t\t\t\t\t\t\t\t\t\t\t\t<\/div>\n\t\t\t\t\t\t<\/div>\n\t\t\t\t\t<\/div>\n\t\t\t\t\t<section id=\"section-1656676095470-3-8\" class=\"tab\" data-animation=\"\" style=\"background:#ffffff; color:#000000;\"><div class=\"infi-content-wrapper\">[vc_empty_space]\t\t<div id=\"wd-62d5613af3f47\" class=\"wd-text-block wd-wpb reset-last-child wd-rs-62d5613af3f47 text-left wd-font-weight-400 wd-fontsize-m font-alt vc_custom_1658151259381 coffee-details\">\n\t\t\t<p>Ciesz si\u0119 odwa\u017cnym, palonym smakiem kawy ICE INTENSO. Ciemno palona i specjalnie mielona kawa, podana z lodem, zapewni przepyszne doznania.<\/p>\n<p>Kawa dost\u0119pna sezonowo.<\/p>\n<p><strong>Rekomendowana wielko\u015b\u0107 fili\u017canki:<\/strong> 40 ml.<br \/>\n<strong>Pojemno\u015b\u0107 fili\u017canki:<\/strong> 40 ml<\/p>\n\t\t<\/div>\n\t\t[vc_empty_space]<\/div><\/section>\t\t\t\t\t<div class=\"infi-responsive-tabs\"\n\t\t\t\t\t\tstyle=\"\"\n\t\t\t\t\t\tdata-tab_style=\"iconbox\"\n\t\t\t\t\t\tdata-active-bg=\"#ffffff\"\n\t\t\t\t\t\tdata-active-text=\"#000000\"\n\t\t\t\t\t\tdata-hover-bg=\"#ffffff\"\n\t\t\t\t\t\tdata-hover-text=\"#000000\">\n\t\t\t\t\t\t<div class=\"infi-tab-accordion\">\n\t\t\t\t\t\t\t<div class=\"1656667070215-10_tab infi_accordion_item\" style=\"background:#f2f2f2;color:#000000;\">\n\t\t\t\t\t\t\t\t<div class=\"infi-accordion-item-heading\" data-href=\"#section-1656667070215-10\" style=\"color:#000000;\">\n\t\t\t\t\t\t\t\t\t<img decoding=\"async\" alt=\"\" class=\"elegant-tabs-image-icon\" data-hover-src=\"https:\/\/kawadlabiznesu.pl\/nespresso\/wp-content\/uploads\/2022\/07\/2.png\" data-original-src=\"https:\/\/kawadlabiznesu.pl\/nespresso\/wp-content\/uploads\/2022\/07\/2.png\" src=\"https:\/\/kawadlabiznesu.pl\/nespresso\/wp-content\/uploads\/2022\/07\/2.png\" style=\"width: 77px;height: 77px\" \/>\t\t\t\t\t\t\t\t\t<span class=\" has-icon\">Szczeg\u00f3\u0142y<\/span>\t\t\t\t\t\t\t\t<\/div>\n\t\t\t\t\t\t\t\t\t\t\t\t\t\t\t<\/div>\n\t\t\t\t\t\t<\/div>\n\t\t\t\t\t<\/div>\n\t\t\t\t\t<section id=\"section-1656667070215-10\" class=\"tab\" data-animation=\"\" style=\"background:#ffffff; color:#000000;\"><div class=\"infi-content-wrapper\">[vc_empty_space]\t\t<div id=\"wd-6492a2cec72ee\" class=\"wd-text-block wd-wpb reset-last-child wd-rs-6492a2cec72ee text-left wd-font-weight-400 wd-fontsize-m font-alt vc_custom_1687331545752 coffee-details\">\n\t\t\t<p><strong>Pochodzenie<\/strong><br \/>\nNie ka\u017cda kawa smakuje tak dobrze, je\u015bli poda si\u0119 j\u0105 z lodem, kt\u00f3ry ma wydoby\u0107 jej smak. D\u0142ugo szukali\u015bmy, zanim natrafili\u015bmy na tak\u0105 mieszank\u0119 arabiki, kt\u00f3ra poddana ciemnemu paleniu zachowa odwa\u017cn\u0105 nut\u0119 palonej kawy oraz bogate aromaty, kt\u00f3rych oczekujesz od intensywnej kawy na zimno. <strong>Nespresso<\/strong> ICE INTENSO to mieszanka ziaren arabiki z Peru i z indonezyjskiej Jawy.<\/p>\n<p><strong>Palenie<\/strong><br \/>\nICE INTENSO to kawa palona rozdzielnie. Oba palenia pozwalaj\u0105 na uzyskanie \u015brednio ciemnych ziaren, aby wydoby\u0107 ich owocowe nuty i zachowa\u0107 s\u0142odycz kawy.<\/p>\n<p><strong>Profil aromatyczny<\/strong><br \/>\nSpodoba ci si\u0119 charakter ciemno palonych ziaren kawy ICE INTENSO. Ta mieszanka arabiki to pi\u0119knie zbalansowane nuty zbo\u017cowe i drzewne z klasycznym goryczkowym smakiem ciemno palonych ziaren.<\/p>\n\t\t<\/div>\n\t\t[vc_empty_space height=&#8221;15px&#8221; woodmart_hide_large=&#8221;0&#8243; woodmart_hide_medium=&#8221;0&#8243; woodmart_hide_small=&#8221;0&#8243;]<\/div><\/section>\t\t\t\t\t<div class=\"infi-responsive-tabs\"\n\t\t\t\t\t\tstyle=\"\"\n\t\t\t\t\t\tdata-tab_style=\"iconbox\"\n\t\t\t\t\t\tdata-active-bg=\"#ffffff\"\n\t\t\t\t\t\tdata-active-text=\"#000000\"\n\t\t\t\t\t\tdata-hover-bg=\"#ffffff\"\n\t\t\t\t\t\tdata-hover-text=\"#000000\">\n\t\t\t\t\t\t<div class=\"infi-tab-accordion\">\n\t\t\t\t\t\t\t<div class=\"1656667070122-4_tab infi_accordion_item\" style=\"background:#f2f2f2;color:#000000;\">\n\t\t\t\t\t\t\t\t<div class=\"infi-accordion-item-heading\" data-href=\"#section-1656667070122-4\" style=\"color:#000000;\">\n\t\t\t\t\t\t\t\t\t<img decoding=\"async\" alt=\"\" class=\"elegant-tabs-image-icon\" data-hover-src=\"https:\/\/kawadlabiznesu.pl\/nespresso\/wp-content\/uploads\/2022\/07\/2.png\" data-original-src=\"https:\/\/kawadlabiznesu.pl\/nespresso\/wp-content\/uploads\/2022\/07\/2.png\" src=\"https:\/\/kawadlabiznesu.pl\/nespresso\/wp-content\/uploads\/2022\/07\/2.png\" style=\"width: 77px;height: 77px\" \/>\t\t\t\t\t\t\t\t\t<span class=\" has-icon\">Sk\u0142adniki<\/span>\t\t\t\t\t\t\t\t<\/div>\n\t\t\t\t\t\t\t\t\t\t\t\t\t\t\t<\/div>\n\t\t\t\t\t\t<\/div>\n\t\t\t\t\t<\/div>\n\t\t\t\t\t<section id=\"section-1656667070122-4\" class=\"tab\" data-animation=\"\" style=\"background:#ffffff; color:#000000;\"><div class=\"infi-content-wrapper\">[vc_empty_space woodmart_hide_large=&#8221;0&#8243; woodmart_hide_medium=&#8221;0&#8243; woodmart_hide_small=&#8221;0&#8243;]\t\t<div id=\"wd-6492a2dfde9a2\" class=\"wd-text-block wd-wpb reset-last-child wd-rs-6492a2dfde9a2 text-left wd-font-weight-400 wd-fontsize-m font-alt vc_custom_1687331561484 coffee-details\">\n\t\t\t<p>Kapsu\u0142ki <strong>NESPRESSO<\/strong> PROFESSIONAL zawieraj\u0105 palon\u0105 i mielon\u0105 kaw\u0119. Przeznaczone do systemu<strong> NESPRESSO<\/strong> PROFESSIONAL.<\/p>\n<p>Kawa sprzedawana w opakowaniach po 50 szt.<br \/>\nMasa netto (dla 50 kapsu\u0142ek): 300 g.<br \/>\nWyprodukowano w Szwajcarii.<\/p>\n<p><strong>Sk\u0142ad:<\/strong> Palona i mielona kawa<\/p>\n\t\t<\/div>\n\t\t[vc_empty_space woodmart_hide_large=&#8221;0&#8243; woodmart_hide_medium=&#8221;0&#8243; woodmart_hide_small=&#8221;0&#8243;]<\/div><\/section>\n\t\t\t<\/div> <!-- \/et-content-wrap -->\n\t\t\t<\/div> <!-- \/et-tabs -->\n\t\t\t<\/section>[\/vc_column][\/vc_row]<\/p>\n<\/div>","protected":false},"excerpt":{"rendered":"<p>[vc_row full_width=&#8221;stretch_row_content_no_spaces&#8221; equal_height=&#8221;yes&#8221; content_placement=&#8221;middle&#8221; woodmart_css_id=&#8221;62becdfef365e&#8221; responsive_spacing=&#8221;eyJwYXJhbV90eXBlIjoid29vZG1hcnRfcmVzcG9uc2l2ZV9zcGFjaW5nIiwic2VsZWN0b3JfaWQiOiI2MmJlY2RmZWYzNjVlIiwic2hvcnRjb2RlIjoidmNfcm93IiwiZGF0YSI6eyJ0YWJsZXQiOnt9LCJtb2JpbGUiOnt9fX0=&#8221; mobile_bg_img_hidden=&#8221;no&#8221; tablet_bg_img_hidden=&#8221;no&#8221; woodmart_parallax=&#8221;0&#8243; woodmart_gradient_switch=&#8221;no&#8221; woodmart_box_shadow=&#8221;no&#8221; wd_z_index=&#8221;no&#8221; woodmart_disable_overflow=&#8221;0&#8243; row_reverse_mobile=&#8221;0&#8243; row_reverse_tablet=&#8221;0&#8243; css=&#8221;.vc_custom_1656671752223{margin-bottom: 0px !important;padding-bottom: 0px !important;}&#8221;][vc_column<\/p>\n","protected":false},"author":3,"featured_media":8806,"parent":8783,"menu_order":0,"comment_status":"closed","ping_status":"closed","template":"","meta":{"_breakdance_hide_in_design_set":false,"_breakdance_tags":"","footnotes":""},"class_list":["post-8877","page","type-page","status-publish","has-post-thumbnail","hentry"],"_links":{"self":[{"href":"https:\/\/kawadlabiznesu.pl\/nespresso\/wp-json\/wp\/v2\/pages\/8877","targetHints":{"allow":["GET"]}}],"collection":[{"href":"https:\/\/kawadlabiznesu.pl\/nespresso\/wp-json\/wp\/v2\/pages"}],"about":[{"href":"https:\/\/kawadlabiznesu.pl\/nespresso\/wp-json\/wp\/v2\/types\/page"}],"author":[{"embeddable":true,"href":"https:\/\/kawadlabiznesu.pl\/nespresso\/wp-json\/wp\/v2\/users\/3"}],"replies":[{"embeddable":true,"href":"https:\/\/kawadlabiznesu.pl\/nespresso\/wp-json\/wp\/v2\/comments?post=8877"}],"version-history":[{"count":9,"href":"https:\/\/kawadlabiznesu.pl\/nespresso\/wp-json\/wp\/v2\/pages\/8877\/revisions"}],"predecessor-version":[{"id":12714,"href":"https:\/\/kawadlabiznesu.pl\/nespresso\/wp-json\/wp\/v2\/pages\/8877\/revisions\/12714"}],"up":[{"embeddable":true,"href":"https:\/\/kawadlabiznesu.pl\/nespresso\/wp-json\/wp\/v2\/pages\/8783"}],"wp:featuredmedia":[{"embeddable":true,"href":"https:\/\/kawadlabiznesu.pl\/nespresso\/wp-json\/wp\/v2\/media\/8806"}],"wp:attachment":[{"href":"https:\/\/kawadlabiznesu.pl\/nespresso\/wp-json\/wp\/v2\/media?parent=8877"}],"curies":[{"name":"wp","href":"https:\/\/api.w.org\/{rel}","templated":true}]}}