{"id":9317,"date":"2022-07-21T16:43:13","date_gmt":"2022-07-21T14:43:13","guid":{"rendered":"https:\/\/lyreco.adlife.pl\/?page_id=9317"},"modified":"2026-04-21T14:53:25","modified_gmt":"2026-04-21T12:53:25","slug":"spodki-kolekcja-view-male","status":"publish","type":"page","link":"https:\/\/kawadlabiznesu.pl\/nespresso\/akcesoria\/porcelana\/spodki-kolekcja-view-male\/","title":{"rendered":"Spodki kolekcja View, ma\u0142e"},"content":{"rendered":"<div class=\"wpb-content-wrapper\"><p>[vc_row full_width=&#8221;stretch_row_content_no_spaces&#8221; equal_height=&#8221;yes&#8221; content_placement=&#8221;middle&#8221; woodmart_css_id=&#8221;62989e6bbda98&#8243; responsive_spacing=&#8221;eyJwYXJhbV90eXBlIjoid29vZG1hcnRfcmVzcG9uc2l2ZV9zcGFjaW5nIiwic2VsZWN0b3JfaWQiOiI2Mjk4OWU2YmJkYTk4Iiwic2hvcnRjb2RlIjoidmNfcm93IiwiZGF0YSI6eyJ0YWJsZXQiOnt9LCJtb2JpbGUiOnt9fX0=&#8221; mobile_bg_img_hidden=&#8221;no&#8221; tablet_bg_img_hidden=&#8221;no&#8221; woodmart_parallax=&#8221;0&#8243; woodmart_gradient_switch=&#8221;no&#8221; woodmart_box_shadow=&#8221;no&#8221; wd_z_index=&#8221;no&#8221; woodmart_disable_overflow=&#8221;0&#8243; row_reverse_mobile=&#8221;0&#8243; row_reverse_tablet=&#8221;0&#8243; css=&#8221;.vc_custom_1654169201036{margin-bottom: 0px !important;}&#8221;][vc_column width=&#8221;1\/2&#8243; woodmart_text_align=&#8221;center&#8221; vertical_alignment=&#8221;eyJkZXZpY2VzIjp7ImRlc2t0b3AiOnsidmFsdWUiOiJjZW50ZXIifSwidGFibGV0Ijp7InZhbHVlIjoiIn0sIm1vYmlsZSI6eyJ2YWx1ZSI6IiJ9fX0=&#8221; horizontal_alignment=&#8221;eyJkZXZpY2VzIjp7ImRlc2t0b3AiOnsidmFsdWUiOiJjZW50ZXIifSwidGFibGV0Ijp7InZhbHVlIjoiIn0sIm1vYmlsZSI6eyJ2YWx1ZSI6IiJ9fX0=&#8221; woodmart_css_id=&#8221;62977eb5a6fac&#8221; wd_column_role_offcanvas_desktop=&#8221;no&#8221; wd_column_role_offcanvas_tablet=&#8221;no&#8221; wd_column_role_offcanvas_mobile=&#8221;no&#8221; wd_column_role_content_desktop=&#8221;yes&#8221; wd_column_role_content_tablet=&#8221;yes&#8221; wd_column_role_content_mobile=&#8221;yes&#8221; mobile_bg_img_hidden=&#8221;no&#8221; tablet_bg_img_hidden=&#8221;no&#8221; woodmart_parallax=&#8221;0&#8243; woodmart_box_shadow=&#8221;no&#8221; responsive_spacing=&#8221;eyJwYXJhbV90eXBlIjoid29vZG1hcnRfcmVzcG9uc2l2ZV9zcGFjaW5nIiwic2VsZWN0b3JfaWQiOiI2Mjk3N2ViNWE2ZmFjIiwic2hvcnRjb2RlIjoidmNfY29sdW1uIiwiZGF0YSI6eyJ0YWJsZXQiOnt9LCJtb2JpbGUiOnt9fX0=&#8221; mobile_reset_margin=&#8221;no&#8221; tablet_reset_margin=&#8221;no&#8221; wd_z_index=&#8221;no&#8221; css=&#8221;.vc_custom_1654095548557{background-color: #cfb59a !important;background-position: 0 0 !important;background-repeat: repeat !important;}&#8221; parallax_scroll=&#8221;no&#8221; woodmart_sticky_column=&#8221;false&#8221; wd_collapsible_content_switcher=&#8221;no&#8221;]\n\t\t<div id=\"wd-62d9652c71b3b\" class=\"title-wrapper wd-wpb wd-set-mb reset-last-child  wd-rs-62d9652c71b3b wd-title-color-default wd-title-style-default text-left title-uppercase-bold vc_custom_1658414383564 wd-underline-colored\">\n\t\t\t\n\t\t\t<div class=\"liner-continer\">\n\t\t\t\t<h2 class=\"woodmart-title-container title  wd-font-weight-700 wd-fontsize-l\" >Spodki kolekcja View, ma\u0142e<\/h2>\n\t\t\t\t\t\t\t<\/div>\n\t\t\t\n\t\t\t\n\t\t\t\n\t\t<\/div>\n\t\t\n\t\t\t\t<div id=\"wd-69e7732e1a80a\" class=\"wd-text-block wd-wpb reset-last-child wd-rs-69e7732e1a80a text-left wd-font-weight-400 color-title wd-fontsize-m font-alt vc_custom_1776776002390\">\n\t\t\t<p><strong>Zestaw spodk\u00f3w<\/strong> ma\u0142ych wykonanych ze stali nierdzewnej 18\/10 o wyko\u0144czeniu matowym i polerowanym. Ma\u0142e spodki idealnie <strong>pasuj\u0105 do fili\u017canek do espresso<\/strong> z serii View.<\/p>\n<p>Jednostka sprzeda\u017cy: 1 opakowanie (12 sztuk)<\/p>\n\t\t<\/div>\n\t\t[vc_row_inner content_placement=&#8221;bottom&#8221; woodmart_css_id=&#8221;629785adf03d4&#8243; responsive_spacing=&#8221;eyJwYXJhbV90eXBlIjoid29vZG1hcnRfcmVzcG9uc2l2ZV9zcGFjaW5nIiwic2VsZWN0b3JfaWQiOiI2Mjk3ODVhZGYwM2Q0Iiwic2hvcnRjb2RlIjoidmNfcm93X2lubmVyIiwiZGF0YSI6eyJ0YWJsZXQiOnt9LCJtb2JpbGUiOnt9fX0=&#8221; mobile_bg_img_hidden=&#8221;no&#8221; tablet_bg_img_hidden=&#8221;no&#8221; woodmart_parallax=&#8221;0&#8243; woodmart_gradient_switch=&#8221;no&#8221; woodmart_box_shadow=&#8221;no&#8221; wd_z_index=&#8221;no&#8221; woodmart_disable_overflow=&#8221;0&#8243; row_reverse_mobile=&#8221;0&#8243; row_reverse_tablet=&#8221;0&#8243; el_class=&#8221;button-line&#8221;][vc_column_inner]<div id=\"wd-62d9654863e31\" class=\" wd-rs-62d9654863e31  wd-button-wrapper text-center wd-collapsible-button\"><a href=\"https:\/\/www.lyreco.com\/webshop\/PLPL\/spodki-nespresso-view-male-product-000000000010204217.html\" title=\"\" target=\"_blank\" rel=\"nofollow noopener\" style=\"--btn-color:#fff;--btn-color-hover:#fff;\" class=\"btn btn-style-default btn-shape-rectangle btn-size-extra-large btn-full-width\">Kup teraz<\/a><\/div>[\/vc_column_inner][\/vc_row_inner][\/vc_column][vc_column width=&#8221;1\/2&#8243; woodmart_text_align=&#8221;center&#8221; vertical_alignment=&#8221;eyJkZXZpY2VzIjp7ImRlc2t0b3AiOnsidmFsdWUiOiJjZW50ZXIifSwidGFibGV0Ijp7InZhbHVlIjoiIn0sIm1vYmlsZSI6eyJ2YWx1ZSI6IiJ9fX0=&#8221; horizontal_alignment=&#8221;eyJkZXZpY2VzIjp7ImRlc2t0b3AiOnsidmFsdWUiOiJjZW50ZXIifSwidGFibGV0Ijp7InZhbHVlIjoiIn0sIm1vYmlsZSI6eyJ2YWx1ZSI6IiJ9fX0=&#8221; woodmart_css_id=&#8221;62c550f02b154&#8243; wd_column_role_offcanvas_desktop=&#8221;no&#8221; wd_column_role_offcanvas_tablet=&#8221;no&#8221; wd_column_role_offcanvas_mobile=&#8221;no&#8221; wd_column_role_content_desktop=&#8221;yes&#8221; wd_column_role_content_tablet=&#8221;yes&#8221; wd_column_role_content_mobile=&#8221;yes&#8221; mobile_bg_img_hidden=&#8221;no&#8221; tablet_bg_img_hidden=&#8221;no&#8221; woodmart_parallax=&#8221;0&#8243; woodmart_box_shadow=&#8221;no&#8221; responsive_spacing=&#8221;eyJwYXJhbV90eXBlIjoid29vZG1hcnRfcmVzcG9uc2l2ZV9zcGFjaW5nIiwic2VsZWN0b3JfaWQiOiI2MmM1NTBmMDJiMTU0Iiwic2hvcnRjb2RlIjoidmNfY29sdW1uIiwiZGF0YSI6eyJ0YWJsZXQiOnt9LCJtb2JpbGUiOnt9fX0=&#8221; mobile_reset_margin=&#8221;no&#8221; tablet_reset_margin=&#8221;no&#8221; wd_z_index=&#8221;no&#8221; parallax_scroll=&#8221;no&#8221; woodmart_sticky_column=&#8221;false&#8221; wd_collapsible_content_switcher=&#8221;no&#8221; css=&#8221;.vc_custom_1657098485163{padding-top: 0px !important;}&#8221;]\t\t<div id=\"wd-62d965564b127\" class=\"wd-image wd-wpb reset-margin-mobile reset-margin-tablet wd-rs-62d965564b127 text-center vc_custom_1658414435787\">\n\t\t\t\n\t\t\t<img loading=\"lazy\" decoding=\"async\" width=\"1016\" height=\"748\" src=\"https:\/\/kawadlabiznesu.pl\/nespresso\/wp-content\/uploads\/2022\/07\/spodki-ze-stali-nierdzewnej-male-nespresso-professional.jpg\" class=\"attachment-full size-full\" alt=\"Spodki kolekcja View, ma\u0142e\" srcset=\"https:\/\/kawadlabiznesu.pl\/nespresso\/wp-content\/uploads\/2022\/07\/spodki-ze-stali-nierdzewnej-male-nespresso-professional.jpg 1016w, https:\/\/kawadlabiznesu.pl\/nespresso\/wp-content\/uploads\/2022\/07\/spodki-ze-stali-nierdzewnej-male-nespresso-professional-400x294.jpg 400w, https:\/\/kawadlabiznesu.pl\/nespresso\/wp-content\/uploads\/2022\/07\/spodki-ze-stali-nierdzewnej-male-nespresso-professional-768x565.jpg 768w\" sizes=\"auto, (max-width: 1016px) 100vw, 1016px\" \/>\n\t\t\t\t\t<\/div>\n\t\t[\/vc_column][\/vc_row]<\/p>\n<\/div>","protected":false},"excerpt":{"rendered":"<p>[vc_row full_width=&#8221;stretch_row_content_no_spaces&#8221; equal_height=&#8221;yes&#8221; content_placement=&#8221;middle&#8221; woodmart_css_id=&#8221;62989e6bbda98&#8243; responsive_spacing=&#8221;eyJwYXJhbV90eXBlIjoid29vZG1hcnRfcmVzcG9uc2l2ZV9zcGFjaW5nIiwic2VsZWN0b3JfaWQiOiI2Mjk4OWU2YmJkYTk4Iiwic2hvcnRjb2RlIjoidmNfcm93IiwiZGF0YSI6eyJ0YWJsZXQiOnt9LCJtb2JpbGUiOnt9fX0=&#8221; mobile_bg_img_hidden=&#8221;no&#8221; tablet_bg_img_hidden=&#8221;no&#8221; woodmart_parallax=&#8221;0&#8243; woodmart_gradient_switch=&#8221;no&#8221; woodmart_box_shadow=&#8221;no&#8221; wd_z_index=&#8221;no&#8221; woodmart_disable_overflow=&#8221;0&#8243; row_reverse_mobile=&#8221;0&#8243; row_reverse_tablet=&#8221;0&#8243; css=&#8221;.vc_custom_1654169201036{margin-bottom: 0px !important;}&#8221;][vc_column width=&#8221;1\/2&#8243; woodmart_text_align=&#8221;center&#8221;<\/p>\n","protected":false},"author":3,"featured_media":9078,"parent":9159,"menu_order":0,"comment_status":"closed","ping_status":"closed","template":"","meta":{"_breakdance_hide_in_design_set":false,"_breakdance_tags":"","footnotes":""},"class_list":["post-9317","page","type-page","status-publish","has-post-thumbnail","hentry"],"_links":{"self":[{"href":"https:\/\/kawadlabiznesu.pl\/nespresso\/wp-json\/wp\/v2\/pages\/9317","targetHints":{"allow":["GET"]}}],"collection":[{"href":"https:\/\/kawadlabiznesu.pl\/nespresso\/wp-json\/wp\/v2\/pages"}],"about":[{"href":"https:\/\/kawadlabiznesu.pl\/nespresso\/wp-json\/wp\/v2\/types\/page"}],"author":[{"embeddable":true,"href":"https:\/\/kawadlabiznesu.pl\/nespresso\/wp-json\/wp\/v2\/users\/3"}],"replies":[{"embeddable":true,"href":"https:\/\/kawadlabiznesu.pl\/nespresso\/wp-json\/wp\/v2\/comments?post=9317"}],"version-history":[{"count":3,"href":"https:\/\/kawadlabiznesu.pl\/nespresso\/wp-json\/wp\/v2\/pages\/9317\/revisions"}],"predecessor-version":[{"id":13716,"href":"https:\/\/kawadlabiznesu.pl\/nespresso\/wp-json\/wp\/v2\/pages\/9317\/revisions\/13716"}],"up":[{"embeddable":true,"href":"https:\/\/kawadlabiznesu.pl\/nespresso\/wp-json\/wp\/v2\/pages\/9159"}],"wp:featuredmedia":[{"embeddable":true,"href":"https:\/\/kawadlabiznesu.pl\/nespresso\/wp-json\/wp\/v2\/media\/9078"}],"wp:attachment":[{"href":"https:\/\/kawadlabiznesu.pl\/nespresso\/wp-json\/wp\/v2\/media?parent=9317"}],"curies":[{"name":"wp","href":"https:\/\/api.w.org\/{rel}","templated":true}]}}